{"id":210,"date":"2022-03-18T08:30:52","date_gmt":"2022-03-18T08:30:52","guid":{"rendered":"https:\/\/maxine.fi\/?page_id=210"},"modified":"2025-01-03T09:31:54","modified_gmt":"2025-01-03T09:31:54","slug":"front-page","status":"publish","type":"page","link":"https:\/\/maxine.fi\/en\/","title":{"rendered":"Front page"},"content":{"rendered":"<p>[et_pb_section fb_built=&#8221;1&#8243; fullwidth=&#8221;on&#8221; admin_label=&#8221;Header Section&#8221; _builder_version=&#8221;4.16&#8243; background_color=&#8221;#000000&#8243; background_enable_video_mp4=&#8221;off&#8221; background_enable_video_webm=&#8221;off&#8221; custom_padding=&#8221;|||&#8221; background_last_edited=&#8221;on|desktop&#8221; global_colors_info=&#8221;{}&#8221;][et_pb_fullwidth_header logo_image_url=&#8221;https:\/\/maxine.fi\/wp-content\/uploads\/2022\/03\/maxine-block-logo-white.svg&#8221; content_max_width_last_edited=&#8221;off|desktop&#8221; admin_label=&#8221;Contents&#8221; _builder_version=&#8221;4.16.1&#8243; title_font=&#8221;Oswald|||on|&#8221; title_font_size=&#8221;80px&#8221; title_line_height=&#8221;1.5em&#8221; subhead_font=&#8221;Nunito|600|||||||&#8221; background_image=&#8221;https:\/\/maxine.fi\/wp-content\/uploads\/2022\/03\/maxine-web-1920&#215;1090-3.jpg&#8221; custom_css_logo=&#8221;height: 500px;&#8221; button_one_border_color_hover=&#8221;#c99872&#8243; button_one_border_radius_hover=&#8221;0px&#8221; button_one_letter_spacing_hover=&#8221;3px&#8221; button_one_bg_color_hover=&#8221;#c99872&#8243; global_colors_info=&#8221;{}&#8221; button_one_text_size__hover_enabled=&#8221;off&#8221; button_two_text_size__hover_enabled=&#8221;off&#8221; button_one_text_color__hover_enabled=&#8221;off&#8221; button_two_text_color__hover_enabled=&#8221;off&#8221; button_one_border_width__hover_enabled=&#8221;off&#8221; button_two_border_width__hover_enabled=&#8221;off&#8221; button_two_border_color__hover_enabled=&#8221;off&#8221; button_two_border_radius__hover_enabled=&#8221;off&#8221; button_two_letter_spacing__hover_enabled=&#8221;off&#8221; button_two_bg_color__hover_enabled=&#8221;off&#8221;][\/et_pb_fullwidth_header][\/et_pb_section][et_pb_section fb_built=&#8221;1&#8243; admin_label=&#8221;Video Title Section&#8221; _builder_version=&#8221;4.16&#8243; background_color=&#8221;#663399&#8243; custom_padding=&#8221;120px|0px|120px|0px|true|&#8221; top_divider_color=&#8221;#E09900&#8243; top_divider_height=&#8221;105px&#8221; saved_tabs=&#8221;all&#8221; global_colors_info=&#8221;{}&#8221;][et_pb_row admin_label=&#8221;Video Row&#8221; _builder_version=&#8221;4.16&#8243; scroll_vertical_motion_enable=&#8221;off&#8221; scroll_vertical_motion=&#8221;0|50|50|100|4|0|-4&#8243; scroll_fade_enable=&#8221;on&#8221; global_colors_info=&#8221;{}&#8221;][et_pb_column type=&#8221;4_4&#8243; _builder_version=&#8221;4.16&#8243; custom_padding=&#8221;|||&#8221; global_colors_info=&#8221;{}&#8221; custom_padding__hover=&#8221;|||&#8221;][et_pb_text admin_label=&#8221;texts&#8221; _builder_version=&#8221;4.16&#8243; scroll_vertical_motion_enable=&#8221;off&#8221; scroll_fade_enable=&#8221;on&#8221; global_colors_info=&#8221;{}&#8221;]<\/p>\n<p>Maxinessa nautit hyv\u00e4st\u00e4 seurasta, drinkeist\u00e4 sek\u00e4 monipuolisesta musiikista upeissa kuudennen kerroksen n\u00e4k\u00f6aloissa. Perjantaisin musiikkityyli vaihtelee tapahtuman mukaan, tarkemmat tiedot n\u00e4et tapahtumaosiosta. Lauantaisin tanssilattialla juhlitaan eri vuosikymmenilt\u00e4 tuttujen hittien ja klassikoiden parissa. Erillisell\u00e4 karaokepuolella p\u00e4\u00e4see my\u00f6s laulamaan omia suosikkejaan. Viikon p\u00e4\u00e4tt\u00e4\u00e4 Afro Sunday, jossa nautitaan afro-karibialaisista rytmeist\u00e4. Tervetuloa!<\/p>\n<p>[\/et_pb_text][\/et_pb_column][\/et_pb_row][\/et_pb_section][et_pb_section fb_built=&#8221;1&#8243; fullwidth=&#8221;on&#8221; disabled_on=&#8221;off|off|off&#8221; _builder_version=&#8221;4.16&#8243; _module_preset=&#8221;default&#8221; top_divider_color=&#8221;#030126&#8243; global_colors_info=&#8221;{}&#8221;][et_pb_fullwidth_slider disabled_on=&#8221;off|off|off&#8221; _builder_version=&#8221;4.16.1&#8243; _module_preset=&#8221;default&#8221; body_text_color_tablet=&#8221;&#8221; body_text_color_phone=&#8221;&#8221; body_text_color_last_edited=&#8221;on|phone&#8221; global_colors_info=&#8221;{}&#8221;][et_pb_slide heading=&#8221;BOOKINGS&#8221; button_text=&#8221;BOOK A TABLE&#8221; button_link=&#8221;@ET-DC@eyJkeW5hbWljIjp0cnVlLCJjb250ZW50IjoicG9zdF9saW5rX3VybF9wYWdlIiwic2V0dGluZ3MiOnsicG9zdF9pZCI6IjExIiwiZW5hYmxlX2h0bWwiOiJvZmYifX0=@&#8221; _builder_version=&#8221;4.16.1&#8243; _dynamic_attributes=&#8221;button_link&#8221; _module_preset=&#8221;default&#8221; header_level=&#8221;h2&#8243; body_font=&#8221;|600|||||||&#8221; body_line_height=&#8221;1.6em&#8221; background_color=&#8221;#000000&#8243; background_enable_color=&#8221;on&#8221; background_image=&#8221;\/wp-content\/uploads\/2022\/03\/maxine-web-1920&#215;1090-10.jpg&#8221; background_enable_image=&#8221;on&#8221; parallax=&#8221;on&#8221; custom_button=&#8221;on&#8221; button_text_color=&#8221;#FFFFFF&#8221; button_border_width=&#8221;3px&#8221; button_border_color=&#8221;#FFFFFF&#8221; button_border_radius=&#8221;0px&#8221; button_font=&#8221;|600|||||||&#8221; button_icon_color=&#8221;#FFFFFF&#8221; button_on_hover=&#8221;on&#8221; custom_padding=&#8221;||||true|false&#8221; header_text_color_tablet=&#8221;&#8221; header_text_color_phone=&#8221;&#8221; header_text_color_last_edited=&#8221;on|phone&#8221; button_font_tablet=&#8221;&#8221; button_font_phone=&#8221;&#8221; button_font_last_edited=&#8221;on|phone&#8221; button_text_shadow_style=&#8221;preset3&#8243; button_text_shadow_color=&#8221;rgba(3,1,38,0.72)&#8221; box_shadow_style_button=&#8221;preset3&#8243; box_shadow_spread_button=&#8221;-14px&#8221; box_shadow_color_button=&#8221;rgba(0,0,0,0.38)&#8221; text_shadow_style=&#8221;preset1&#8243; text_shadow_blur_strength=&#8221;0.25em&#8221; global_colors_info=&#8221;{}&#8221; sticky_transition=&#8221;on&#8221;]<\/p>\n<p><span>Maxine&#8217;s table reservations are super popular! Make sure you get in on the day of your choosing and book a table early.<\/span><\/p>\n<p>[\/et_pb_slide][\/et_pb_fullwidth_slider][\/et_pb_section][et_pb_section fb_built=&#8221;1&#8243; admin_label=&#8221;About Coffee&#8221; _builder_version=&#8221;4.16&#8243; background_color=&#8221;#663399&#8243; background_enable_image=&#8221;off&#8221; parallax=&#8221;on&#8221; custom_padding=&#8221;10%|0px|9.9%|0px||&#8221; locked=&#8221;off&#8221; global_colors_info=&#8221;{}&#8221;][et_pb_row custom_padding_last_edited=&#8221;on|desktop&#8221; admin_label=&#8221;tittle Row&#8221; _builder_version=&#8221;4.16&#8243; custom_margin=&#8221;|||&#8221; custom_padding=&#8221;|0%||||&#8221; custom_padding_tablet=&#8221;|0px||&#8221; custom_padding_phone=&#8221;|0px||&#8221; custom_width_px=&#8221;1280px&#8221; global_colors_info=&#8221;{}&#8221;][et_pb_column type=&#8221;4_4&#8243; _builder_version=&#8221;4.16&#8243; custom_padding=&#8221;|||&#8221; global_colors_info=&#8221;{}&#8221; custom_padding__hover=&#8221;|||&#8221;][et_pb_text admin_label=&#8221;Tittle&#8221; _builder_version=&#8221;4.16&#8243; header_font=&#8221;|||on|||||&#8221; header_text_align=&#8221;center&#8221; background_layout=&#8221;dark&#8221; header_2_font_size_tablet=&#8221;&#8221; header_2_font_size_phone=&#8221;45px&#8221; header_2_font_size_last_edited=&#8221;on|phone&#8221; header_2_text_shadow_style=&#8221;preset3&#8243; global_colors_info=&#8221;{}&#8221;]<\/p>\n<h2>FOLLOW MAXINE ON SOCIAL MEDIA<\/h2>\n<p>[\/et_pb_text][et_pb_social_media_follow _builder_version=&#8221;4.16.1&#8243; _module_preset=&#8221;default&#8221; text_orientation=&#8221;center&#8221; global_colors_info=&#8221;{}&#8221;][et_pb_social_media_follow_network social_network=&#8221;facebook&#8221; url=&#8221;https:\/\/www.facebook.com\/RavintolaMaxine\/&#8221; icon_color=&#8221;#FFFFFF&#8221; use_icon_font_size=&#8221;on&#8221; icon_font_size=&#8221;50px&#8221; _builder_version=&#8221;4.16.1&#8243; _module_preset=&#8221;default&#8221; background_color=&#8221;#cc0066&#8243; background_enable_color=&#8221;on&#8221; custom_margin=&#8221;|50px||50px|false|true&#8221; custom_padding=&#8221;0px|0px|0px|0px|true|true&#8221; border_radii=&#8221;on|104px|104px|104px|104px&#8221; global_colors_info=&#8221;{}&#8221; follow_button=&#8221;off&#8221; url_new_window=&#8221;on&#8221;]facebook[\/et_pb_social_media_follow_network][et_pb_social_media_follow_network social_network=&#8221;instagram&#8221; url=&#8221;https:\/\/www.instagram.com\/ravintolamaxine\/&#8221; icon_color=&#8221;#FFFFFF&#8221; use_icon_font_size=&#8221;on&#8221; icon_font_size=&#8221;50px&#8221; _builder_version=&#8221;4.16.1&#8243; _module_preset=&#8221;default&#8221; background_color=&#8221;#cc0066&#8243; background_enable_color=&#8221;on&#8221; custom_margin=&#8221;10px|50px||50px|false|true&#8221; custom_padding=&#8221;0px|0px|0px|0px|true|true&#8221; border_radii=&#8221;on|93px|93px|93px|93px&#8221; global_colors_info=&#8221;{}&#8221; follow_button=&#8221;off&#8221; url_new_window=&#8221;on&#8221;]instagram[\/et_pb_social_media_follow_network][\/et_pb_social_media_follow][\/et_pb_column][\/et_pb_row][\/et_pb_section][et_pb_section fb_built=&#8221;1&#8243; fullwidth=&#8221;on&#8221; _builder_version=&#8221;4.23.4&#8243; _module_preset=&#8221;default&#8221; background_color=&#8221;#000000&#8243; custom_padding=&#8221;80px||80px||true|&#8221; hover_enabled=&#8221;0&#8243; global_colors_info=&#8221;{}&#8221; disabled_on=&#8221;on|on|on&#8221; disabled=&#8221;on&#8221; sticky_enabled=&#8221;0&#8243;][et_pb_fullwidth_code _builder_version=&#8221;4.16&#8243; _module_preset=&#8221;default&#8221; global_colors_info=&#8221;{}&#8221;]\r\n<div id=\"sb_instagram\"  class=\"sbi sbi_mob_col_1 sbi_tab_col_2 sbi_col_4 sbi_width_resp\" style=\"padding-bottom: 10px;\" data-feedid=\"*1\"  data-res=\"auto\" data-cols=\"4\" data-colsmobile=\"1\" data-colstablet=\"2\" data-num=\"20\" data-nummobile=\"4\" data-shortcode-atts=\"{}\"  data-postid=\"210\" data-locatornonce=\"2719d07c49\" data-options=\"{&quot;grid&quot;:true,&quot;avatars&quot;:{&quot;ravintolamaxine&quot;:&quot;&quot;,&quot;LCLravintolamaxine&quot;:1},&quot;lightboxcomments&quot;:20,&quot;colsmobile&quot;:1,&quot;colstablet&quot;:&quot;2&quot;}\" data-sbi-flags=\"favorLocal,gdpr\">\r\n\r\n\r\n    <div id=\"sbi_images\" style=\"padding: 5px;\">\r\n\t\t    <\/div>\r\n\r\n\t<div id=\"sbi_load\" >\r\n\r\n\t\r\n\t        <span class=\"sbi_follow_btn sbi_custom\">\r\n        <a href=\"https:\/\/www.instagram.com\/ravintolamaxine\/\" style=\"background: rgb(204,153,102);\" data-button-hover=\"#cc0066\" target=\"_blank\" rel=\"nofollow noopener\">\r\n            <svg class=\"svg-inline--fa fa-instagram fa-w-14\" aria-hidden=\"true\" data-fa-processed=\"\" aria-label=\"Instagram\" data-prefix=\"fab\" data-icon=\"instagram\" role=\"img\" viewBox=\"0 0 448 512\">\r\n\t                <path fill=\"currentColor\" d=\"M224.1 141c-63.6 0-114.9 51.3-114.9 114.9s51.3 114.9 114.9 114.9S339 319.5 339 255.9 287.7 141 224.1 141zm0 189.6c-41.1 0-74.7-33.5-74.7-74.7s33.5-74.7 74.7-74.7 74.7 33.5 74.7 74.7-33.6 74.7-74.7 74.7zm146.4-194.3c0 14.9-12 26.8-26.8 26.8-14.9 0-26.8-12-26.8-26.8s12-26.8 26.8-26.8 26.8 12 26.8 26.8zm76.1 27.2c-1.7-35.9-9.9-67.7-36.2-93.9-26.2-26.2-58-34.4-93.9-36.2-37-2.1-147.9-2.1-184.9 0-35.8 1.7-67.6 9.9-93.9 36.1s-34.4 58-36.2 93.9c-2.1 37-2.1 147.9 0 184.9 1.7 35.9 9.9 67.7 36.2 93.9s58 34.4 93.9 36.2c37 2.1 147.9 2.1 184.9 0 35.9-1.7 67.7-9.9 93.9-36.2 26.2-26.2 34.4-58 36.2-93.9 2.1-37 2.1-147.8 0-184.8zM398.8 388c-7.8 19.6-22.9 34.7-42.6 42.6-29.5 11.7-99.5 9-132.1 9s-102.7 2.6-132.1-9c-19.6-7.8-34.7-22.9-42.6-42.6-11.7-29.5-9-99.5-9-132.1s-2.6-102.7 9-132.1c7.8-19.6 22.9-34.7 42.6-42.6 29.5-11.7 99.5-9 132.1-9s102.7-2.6 132.1 9c19.6 7.8 34.7 22.9 42.6 42.6 11.7 29.5 9 99.5 9 132.1s2.7 102.7-9 132.1z\"><\/path>\r\n\t            <\/svg>            <span>Seuraa Maxinea Instagramissa<\/span>\r\n        <\/a>\r\n    <\/span>\r\n\t\r\n<\/div>\r\n\t    <span class=\"sbi_resized_image_data\" data-feed-id=\"*1\" data-resized=\"[]\">\r\n\t<\/span>\r\n\t        <div id=\"sbi_mod_error\">\r\n            <span>This error message is only visible to WordPress admins<\/span><br \/>\r\n        <div><strong>There has been a problem with your Instagram Feed.<\/strong><\/div>        <\/div>\r\n        \r\n<\/div>\r\n\r\n\t<style type=\"text\/css\">\r\n\t\t\t\t\r\n\t\t#sb_instagram .sbi_follow_btn a:hover,\r\n\t\t#sb_instagram .sbi_follow_btn a:focus{\r\n\t\t\toutline: none;\r\n\t\t\tbox-shadow: inset 0 0 10px 20px #cc0066;\r\n\t\t}\r\n\t\t\t<\/style>\r\n\t[\/et_pb_fullwidth_code][\/et_pb_section]<\/p>\n","protected":false},"excerpt":{"rendered":"<p>Maxinessa nautit hyv\u00e4st\u00e4 seurasta, drinkeist\u00e4 sek\u00e4 monipuolisesta musiikista upeissa kuudennen kerroksen n\u00e4k\u00f6aloissa. Perjantaisin musiikkityyli vaihtelee tapahtuman mukaan, tarkemmat tiedot n\u00e4et tapahtumaosiosta. Lauantaisin tanssilattialla juhlitaan eri vuosikymmenilt\u00e4 tuttujen hittien ja klassikoiden [&hellip;]<\/p>\n","protected":false},"author":1,"featured_media":0,"parent":0,"menu_order":0,"comment_status":"closed","ping_status":"closed","template":"","meta":{"_et_pb_use_builder":"on","_et_pb_old_content":"","_et_gb_content_width":"","om_disable_all_campaigns":false,"footnotes":""},"class_list":["post-210","page","type-page","status-publish","hentry"],"yoast_head":"<!-- This site is optimized with the Yoast SEO plugin v24.6 - https:\/\/yoast.com\/wordpress\/plugins\/seo\/ -->\n<title>Front page - Maxine<\/title>\n<meta name=\"robots\" content=\"index, follow, max-snippet:-1, max-image-preview:large, max-video-preview:-1\" \/>\n<link rel=\"canonical\" href=\"https:\/\/maxine.fi\/en\/front-page\/\" \/>\n<meta property=\"og:locale\" content=\"en_US\" \/>\n<meta property=\"og:type\" content=\"article\" \/>\n<meta property=\"og:title\" content=\"Front page - Maxine\" \/>\n<meta property=\"og:description\" content=\"Maxinessa nautit hyv\u00e4st\u00e4 seurasta, drinkeist\u00e4 sek\u00e4 monipuolisesta musiikista upeissa kuudennen kerroksen n\u00e4k\u00f6aloissa. Perjantaisin musiikkityyli vaihtelee tapahtuman mukaan, tarkemmat tiedot n\u00e4et tapahtumaosiosta. Lauantaisin tanssilattialla juhlitaan eri vuosikymmenilt\u00e4 tuttujen hittien ja klassikoiden [&hellip;]\" \/>\n<meta property=\"og:url\" content=\"https:\/\/maxine.fi\/en\/front-page\/\" \/>\n<meta property=\"og:site_name\" content=\"Maxine\" \/>\n<meta property=\"article:modified_time\" content=\"2025-01-03T09:31:54+00:00\" \/>\n<meta name=\"twitter:card\" content=\"summary_large_image\" \/>\n<meta name=\"twitter:label1\" content=\"Est. reading time\" \/>\n\t<meta name=\"twitter:data1\" content=\"5 minutes\" \/>\n<script type=\"application\/ld+json\" class=\"yoast-schema-graph\">{\"@context\":\"https:\/\/schema.org\",\"@graph\":[{\"@type\":\"WebPage\",\"@id\":\"https:\/\/maxine.fi\/en\/front-page\/\",\"url\":\"https:\/\/maxine.fi\/en\/front-page\/\",\"name\":\"Front page - Maxine\",\"isPartOf\":{\"@id\":\"https:\/\/maxine.fi\/#website\"},\"datePublished\":\"2022-03-18T08:30:52+00:00\",\"dateModified\":\"2025-01-03T09:31:54+00:00\",\"breadcrumb\":{\"@id\":\"https:\/\/maxine.fi\/en\/front-page\/#breadcrumb\"},\"inLanguage\":\"en-US\",\"potentialAction\":[{\"@type\":\"ReadAction\",\"target\":[\"https:\/\/maxine.fi\/en\/front-page\/\"]}]},{\"@type\":\"BreadcrumbList\",\"@id\":\"https:\/\/maxine.fi\/en\/front-page\/#breadcrumb\",\"itemListElement\":[{\"@type\":\"ListItem\",\"position\":1,\"name\":\"Home\",\"item\":\"https:\/\/maxine.fi\/en\/front-page\/\"},{\"@type\":\"ListItem\",\"position\":2,\"name\":\"Front page\"}]},{\"@type\":\"WebSite\",\"@id\":\"https:\/\/maxine.fi\/#website\",\"url\":\"https:\/\/maxine.fi\/\",\"name\":\"Maxine\",\"description\":\"Drinkkej\u00e4 sek\u00e4 monipuolista musiikkia kuudennen kerroksen n\u00e4k\u00f6aloissa\",\"publisher\":{\"@id\":\"https:\/\/maxine.fi\/#organization\"},\"potentialAction\":[{\"@type\":\"SearchAction\",\"target\":{\"@type\":\"EntryPoint\",\"urlTemplate\":\"https:\/\/maxine.fi\/?s={search_term_string}\"},\"query-input\":{\"@type\":\"PropertyValueSpecification\",\"valueRequired\":true,\"valueName\":\"search_term_string\"}}],\"inLanguage\":\"en-US\"},{\"@type\":\"Organization\",\"@id\":\"https:\/\/maxine.fi\/#organization\",\"name\":\"Maxine\",\"url\":\"https:\/\/maxine.fi\/\",\"logo\":{\"@type\":\"ImageObject\",\"inLanguage\":\"en-US\",\"@id\":\"https:\/\/maxine.fi\/#\/schema\/logo\/image\/\",\"url\":\"https:\/\/maxine.fi\/wp-content\/uploads\/2024\/10\/SOME-lila-valkoinen.jpg\",\"contentUrl\":\"https:\/\/maxine.fi\/wp-content\/uploads\/2024\/10\/SOME-lila-valkoinen.jpg\",\"width\":1000,\"height\":1000,\"caption\":\"Maxine\"},\"image\":{\"@id\":\"https:\/\/maxine.fi\/#\/schema\/logo\/image\/\"}}]}<\/script>\n<!-- \/ Yoast SEO plugin. -->","yoast_head_json":{"title":"Front page - Maxine","robots":{"index":"index","follow":"follow","max-snippet":"max-snippet:-1","max-image-preview":"max-image-preview:large","max-video-preview":"max-video-preview:-1"},"canonical":"https:\/\/maxine.fi\/en\/front-page\/","og_locale":"en_US","og_type":"article","og_title":"Front page - Maxine","og_description":"Maxinessa nautit hyv\u00e4st\u00e4 seurasta, drinkeist\u00e4 sek\u00e4 monipuolisesta musiikista upeissa kuudennen kerroksen n\u00e4k\u00f6aloissa. Perjantaisin musiikkityyli vaihtelee tapahtuman mukaan, tarkemmat tiedot n\u00e4et tapahtumaosiosta. Lauantaisin tanssilattialla juhlitaan eri vuosikymmenilt\u00e4 tuttujen hittien ja klassikoiden [&hellip;]","og_url":"https:\/\/maxine.fi\/en\/front-page\/","og_site_name":"Maxine","article_modified_time":"2025-01-03T09:31:54+00:00","twitter_card":"summary_large_image","twitter_misc":{"Est. reading time":"5 minutes"},"schema":{"@context":"https:\/\/schema.org","@graph":[{"@type":"WebPage","@id":"https:\/\/maxine.fi\/en\/front-page\/","url":"https:\/\/maxine.fi\/en\/front-page\/","name":"Front page - Maxine","isPartOf":{"@id":"https:\/\/maxine.fi\/#website"},"datePublished":"2022-03-18T08:30:52+00:00","dateModified":"2025-01-03T09:31:54+00:00","breadcrumb":{"@id":"https:\/\/maxine.fi\/en\/front-page\/#breadcrumb"},"inLanguage":"en-US","potentialAction":[{"@type":"ReadAction","target":["https:\/\/maxine.fi\/en\/front-page\/"]}]},{"@type":"BreadcrumbList","@id":"https:\/\/maxine.fi\/en\/front-page\/#breadcrumb","itemListElement":[{"@type":"ListItem","position":1,"name":"Home","item":"https:\/\/maxine.fi\/en\/front-page\/"},{"@type":"ListItem","position":2,"name":"Front page"}]},{"@type":"WebSite","@id":"https:\/\/maxine.fi\/#website","url":"https:\/\/maxine.fi\/","name":"Maxine","description":"Drinkkej\u00e4 sek\u00e4 monipuolista musiikkia kuudennen kerroksen n\u00e4k\u00f6aloissa","publisher":{"@id":"https:\/\/maxine.fi\/#organization"},"potentialAction":[{"@type":"SearchAction","target":{"@type":"EntryPoint","urlTemplate":"https:\/\/maxine.fi\/?s={search_term_string}"},"query-input":{"@type":"PropertyValueSpecification","valueRequired":true,"valueName":"search_term_string"}}],"inLanguage":"en-US"},{"@type":"Organization","@id":"https:\/\/maxine.fi\/#organization","name":"Maxine","url":"https:\/\/maxine.fi\/","logo":{"@type":"ImageObject","inLanguage":"en-US","@id":"https:\/\/maxine.fi\/#\/schema\/logo\/image\/","url":"https:\/\/maxine.fi\/wp-content\/uploads\/2024\/10\/SOME-lila-valkoinen.jpg","contentUrl":"https:\/\/maxine.fi\/wp-content\/uploads\/2024\/10\/SOME-lila-valkoinen.jpg","width":1000,"height":1000,"caption":"Maxine"},"image":{"@id":"https:\/\/maxine.fi\/#\/schema\/logo\/image\/"}}]}},"_links":{"self":[{"href":"https:\/\/maxine.fi\/en\/wp-json\/wp\/v2\/pages\/210","targetHints":{"allow":["GET"]}}],"collection":[{"href":"https:\/\/maxine.fi\/en\/wp-json\/wp\/v2\/pages"}],"about":[{"href":"https:\/\/maxine.fi\/en\/wp-json\/wp\/v2\/types\/page"}],"author":[{"embeddable":true,"href":"https:\/\/maxine.fi\/en\/wp-json\/wp\/v2\/users\/1"}],"replies":[{"embeddable":true,"href":"https:\/\/maxine.fi\/en\/wp-json\/wp\/v2\/comments?post=210"}],"version-history":[{"count":15,"href":"https:\/\/maxine.fi\/en\/wp-json\/wp\/v2\/pages\/210\/revisions"}],"predecessor-version":[{"id":975,"href":"https:\/\/maxine.fi\/en\/wp-json\/wp\/v2\/pages\/210\/revisions\/975"}],"wp:attachment":[{"href":"https:\/\/maxine.fi\/en\/wp-json\/wp\/v2\/media?parent=210"}],"curies":[{"name":"wp","href":"https:\/\/api.w.org\/{rel}","templated":true}]}}