{"id":216,"date":"2022-03-18T08:37:12","date_gmt":"2022-03-18T06:37:12","guid":{"rendered":"https:\/\/maxine.fi\/?page_id=216"},"modified":"2025-10-31T16:48:42","modified_gmt":"2025-10-31T14:48:42","slug":"events","status":"publish","type":"page","link":"https:\/\/maxine.fi\/en\/events\/","title":{"rendered":"Events"},"content":{"rendered":"<p>[et_pb_section fb_built=&#8221;1&#8243; fullwidth=&#8221;on&#8221; admin_label=&#8221;Header Section&#8221; _builder_version=&#8221;4.16&#8243; background_color=&#8221;#000000&#8243; custom_padding=&#8221;|||&#8221; global_colors_info=&#8221;{}&#8221;][et_pb_fullwidth_header content_max_width_last_edited=&#8221;off|desktop&#8221; admin_label=&#8221;Contents&#8221; _builder_version=&#8221;4.16.1&#8243; title_line_height=&#8221;1.5em&#8221; background_image=&#8221;https:\/\/maxine.fi\/wp-content\/uploads\/2022\/03\/maxine-web-1920&#215;1090-24.jpg&#8221; button_one_border_color_hover=&#8221;#c99872&#8243; button_one_border_radius_hover=&#8221;0px&#8221; button_one_letter_spacing_hover=&#8221;3px&#8221; button_one_bg_color_hover=&#8221;#c99872&#8243; global_colors_info=&#8221;{}&#8221; button_one_text_size__hover_enabled=&#8221;off&#8221; button_two_text_size__hover_enabled=&#8221;off&#8221; button_one_text_color__hover_enabled=&#8221;off&#8221; button_two_text_color__hover_enabled=&#8221;off&#8221; button_one_border_width__hover_enabled=&#8221;off&#8221; button_two_border_width__hover_enabled=&#8221;off&#8221; button_two_border_color__hover_enabled=&#8221;off&#8221; button_two_border_radius__hover_enabled=&#8221;off&#8221; button_two_letter_spacing__hover_enabled=&#8221;off&#8221; button_two_bg_color__hover_enabled=&#8221;off&#8221;]<\/p>\n<h1>Events<\/h1>\n<p>[\/et_pb_fullwidth_header][\/et_pb_section][et_pb_section fb_built=&#8221;1&#8243; admin_label=&#8221;Section&#8221; _builder_version=&#8221;4.27.0&#8243; _module_preset=&#8221;default&#8221; background_color=&#8221;#000000&#8243; custom_margin=&#8221;0px|0px|0px|0px|false|false&#8221; custom_padding=&#8221;0px|0px|0px|0px|false|false&#8221; global_module=&#8221;1144&#8243; global_colors_info=&#8221;{}&#8221;][et_pb_row _builder_version=&#8221;4.27.0&#8243; _module_preset=&#8221;default&#8221; width=&#8221;100%&#8221; max_width=&#8221;100%&#8221; custom_margin=&#8221;0px|0px|0px|0px|false|false&#8221; custom_padding=&#8221;0px|0px|0px|0px|false|false&#8221; global_colors_info=&#8221;{}&#8221;][et_pb_column type=&#8221;4_4&#8243; _builder_version=&#8221;4.27.0&#8243; _module_preset=&#8221;default&#8221; global_colors_info=&#8221;{}&#8221;][decm_event_display recurrence_number=&#8221;100&#8243; date_detail_label=&#8221;Pvm&#8221; date_format=&#8221;d.m.Y&#8221; shorten_multidate=&#8221;off&#8221; details_time_label=&#8221;Klo&#8221; time_format=&#8221;H.i&#8221; show_venue=&#8221;off&#8221; show_name=&#8221;off&#8221; price_detail_label=&#8221;Liput&#8221; show_price_ticket=&#8221;off&#8221; show_rsvp_feed=&#8221;off&#8221; show_category=&#8221;off&#8221; hide_comma_cat=&#8221;off&#8221; tag_detail_label=&#8221;Ik\u00e4raja&#8221; website_detail_label=&#8221; &#8221; excerpt_content=&#8221;_show&#8221; show_detail=&#8221;off&#8221; show_callout_box=&#8221;off&#8221; event_count=&#8221;100&#8243; excerpt_length=&#8221;100000&#8243; details_icon_color=&#8221;#FFFFFF&#8221; cards_spacing=&#8221;0px|0px|0px|0px|false|false&#8221; event_inner_spacing=&#8221;0px|0px|0px|0px|false|false&#8221; align=&#8221;center&#8221; thumbnail_width=&#8221;100%&#8221; image_aspect_ratio=&#8221;16\/9&#8243; single_event_page_link=&#8221;disable_link&#8221; disable_event_title_link=&#8221;on&#8221; disable_event_image_link=&#8221;on&#8221; enable_tag_links=&#8221;off&#8221; website_link=&#8221;custom_text&#8221; custom_website_link_text=&#8221;Tapahtuman sivut&#8221; custom_website_link_target=&#8221;_blank&#8221; _builder_version=&#8221;4.27.0&#8243; _module_preset=&#8221;default&#8221; title_font_size=&#8221;34px&#8221; duration_font_size=&#8221;16px&#8221; duration_labels_font_size=&#8221;16px&#8221; excerpt_text_color=&#8221;#FFFFFF&#8221; excerpt_font_size=&#8221;16px&#8221; excerpt_line_height=&#8221;1.5em&#8221; border_radii_thumbnail_border=&#8221;on|0px|0px|0px|0px&#8221; global_colors_info=&#8221;{}&#8221;][\/decm_event_display][\/et_pb_column][\/et_pb_row][\/et_pb_section][et_pb_section fb_built=&#8221;1&#8243; custom_padding_last_edited=&#8221;on|phone&#8221; admin_label=&#8221;Best Beans&#8221; _builder_version=&#8221;4.16&#8243; background_color=&#8221;#663399&#8243; background_color_gradient_direction=&#8221;90deg&#8221; custom_padding=&#8221;0px|0px|0px|0px&#8221; custom_padding_tablet=&#8221;&#8221; custom_padding_phone=&#8221;20px||20px||true|false&#8221; global_colors_info=&#8221;{}&#8221;][et_pb_row column_structure=&#8221;1_2,1_2&#8243; use_custom_gutter=&#8221;on&#8221; gutter_width=&#8221;1&#8243; make_equal=&#8221;on&#8221; admin_label=&#8221;Best Beans Row&#8221; module_class=&#8221; et_pb_row_fullwidth&#8221; _builder_version=&#8221;4.16.1&#8243; width=&#8221;100%&#8221; width_tablet=&#8221;100%&#8221; width_phone=&#8221;&#8221; width_last_edited=&#8221;on|desktop&#8221; max_width=&#8221;100%&#8221; max_width_tablet=&#8221;100%&#8221; max_width_phone=&#8221;&#8221; max_width_last_edited=&#8221;on|desktop&#8221; custom_margin=&#8221;|||&#8221; custom_padding=&#8221;0px|0px|0px|0px&#8221; make_fullwidth=&#8221;on&#8221; global_colors_info=&#8221;{}&#8221;][et_pb_column type=&#8221;1_2&#8243; _builder_version=&#8221;4.16.1&#8243; background_image=&#8221;https:\/\/maxine.fi\/wp-content\/uploads\/2022\/03\/maxine-web-1920&#215;1090-5.jpg&#8221; parallax=&#8221;on&#8221; custom_padding=&#8221;|||&#8221; global_colors_info=&#8221;{}&#8221; custom_padding__hover=&#8221;|||&#8221;][\/et_pb_column][et_pb_column type=&#8221;1_2&#8243; _builder_version=&#8221;4.16&#8243; background_enable_color=&#8221;off&#8221; custom_padding=&#8221;100px|10%|100px|10%&#8221; global_colors_info=&#8221;{}&#8221; custom_padding__hover=&#8221;|||&#8221;][et_pb_text admin_label=&#8221;Tittle&#8221; _builder_version=&#8221;4.16&#8243; _module_preset=&#8221;b6aee70f-bcfb-4b1b-b0f6-3d178ba69c1e&#8221; animation_style=&#8221;slide&#8221; locked=&#8221;off&#8221; global_colors_info=&#8221;{}&#8221;]<\/p>\n<h2>NIGHT LITE<\/h2>\n<p>[\/et_pb_text][et_pb_text _builder_version=&#8221;4.16.1&#8243; _module_preset=&#8221;b6aee70f-bcfb-4b1b-b0f6-3d178ba69c1e&#8221; header_3_font=&#8221;|||on|||||&#8221; header_3_font_size=&#8221;24px&#8221; global_colors_info=&#8221;{}&#8221;]<\/p>\n<h3>With the Night Lite app, you get benefits on Maxine.<\/h3>\n<p><span>You can download the app for free at your app store. Read more about Night Lite <\/span><a href=\"https:\/\/npg.fi\/nightlite\/\" target=\"_blank\" rel=\"noopener\" title=\"Night Lite homepage\">here.<\/a><\/p>\n<p>&nbsp;<\/p>\n<p>[\/et_pb_text][et_pb_button button_url=&#8221;https:\/\/npg.fi\/nightlite\/&#8221; url_new_window=&#8221;on&#8221; button_text=&#8221;Download Night Lite&#8221; _builder_version=&#8221;4.16&#8243; _module_preset=&#8221;default&#8221; global_colors_info=&#8221;{}&#8221;][\/et_pb_button][\/et_pb_column][\/et_pb_row][\/et_pb_section]<\/p>\n","protected":false},"excerpt":{"rendered":"<p>Events<div class=\"et_pb_module decm_event_display decm_event_display_0 et_pb_bg_layout_ \">\n\t\t\t\t\n\t\t\t\t\n\t\t\t\t\n\t\t\t\t\n\t\t\t\t\n\t\t\t\t\n\t\t\t\t<div class=\"et_pb_module_inner\">\n\t\t\t\t\t\r\n\t\t\t\t<style><\/style><div class=\" \">\r\n\t\t\t\t\t\r\n\t\t\t\t\t\r\n\t\t\t\t\t<div class= \"\">\r\n\t\t\t\t\t\t<div class=\"events-results-message\">There are no upcoming events at this time.<\/div>\r\n\t\t<input type=\"hidden\" name=\"dec-eventfeed-future-past\" id=\"dec-eventfeed-future-past\" value=\"\">\r\n\t\t<input type=\"hidden\" name=\"eventfeed_prev_page\" id=\"eventfeed_prev_page\" value=\"0\">\r\n\t\t<input type=\"hidden\" name=\"eventfeed_current_page\" id=\"eventfeed_current_page\" value=\"1\">\r\n\t\t<input type=\"hidden\" name=\"eventfeed_page\" id=\"eventfeed_page\" value=\"load_more\">\r\n\t\t<input type=\"hidden\" name=\"eventfeed_current_pagination_page\" id=\"eventfeed_current_pagination_page\" value=\"1\">\r\n\t\t<input type=\"hidden\" name=\"module_css_feed\" id=\"module_css_feed\" value=\"\">\r\n\t\t<input type=\"hidden\" name=\"module-css-class\" id=\"module-css-class\" value=\"\" \/>\r\n\t\t<input type=\"hidden\" name=\"dec-eventfeed-category\" id=\"dec-eventfeed-category\" value=\"\">\r\n\t\t<input type=\"hidden\" name=\"dec-eventfeed-tag\" id=\"dec-eventfeed-tag\" value=\"\">\r\n\t\t<input type=\"hidden\" name=\"dec-eventfeed-order\" id=\"dec-eventfeed-order\" value=\"\">\r\n\t\t<input type=\"hidden\" name=\"dec-eventfeed-venue\" id=\"dec-eventfeed-venue\" value=\"\">\r\n\t\t<input type=\"hidden\" name=\"dec-eventfeed-organizer\" id=\"dec-eventfeed-organizer\" value=\"\">\r\n\t\t<input type=\"hidden\" name=\"dec-filter-search\" id=\"dec-filter-search\" value=\"\">\r\n\t\t<input type=\"hidden\" name=\"dec-eventfeed-time\" id=\"dec-eventfeed-time\" value=\"\">\r\n\t\t<input type=\"hidden\" name=\"dec-eventfeed-day\" id=\"dec-eventfeed-day\" value=\"\">\r\n\t\t<input type=\"hidden\" name=\"dec-eventfeed-month\" id=\"dec-eventfeed-month\" value=\"\">\r\n\t\t<input type=\"hidden\" name=\"dec-eventfeed-year\" id=\"dec-eventfeed-year\" value=\"\">\r\n\t\t<input type=\"hidden\" name=\"dec-eventfeed-recurring\" id=\"dec-eventfeed-recurring\" value=\"\">\r\n\t\t<input type=\"hidden\" name=\"EventcostMin\" id=\"EventcostMin\" value=\"\">\r\n\t\t<input type=\"hidden\" name=\"EventcostMax\" id=\"EventcostMax\" value=\"\">\r\n\t\t<input type=\"hidden\" name=\"EventendDate\" id=\"EventendDate\" value=\"\">\r\n\t\t<input type=\"hidden\" name=\"EventstartDate\" id=\"EventstartDate\" value=\"\">\r\n\t\t<input type=\"hidden\" name=\"dec-eventfeed-country\" id=\"dec-eventfeed-country\" value=\"\">\r\n\t\t<input type=\"hidden\" name=\"dec-eventfeed-city\" id=\"dec-eventfeed-city\" value=\"\">\r\n\t\t<input type=\"hidden\" name=\"dec-eventfeed-state\" id=\"dec-eventfeed-state\" value=\"\">\r\n\t\t<input type=\"hidden\" name=\"dec-eventfeed-status\" id=\"dec-eventfeed-status\" value=\"\">\r\n\t\t<input type=\"hidden\" name=\"dec-eventfeed-address\" id=\"dec-eventfeed-address\" value=\"\">\r\n\t\t<input type=\"hidden\" name=\"dec-eventfeed-module-class\" id=\"dec-eventfeed-module-class\" value=\".decm_event_display_0\">\r\n\t\t<input type=\"hidden\" name=\"dec-eventfeed-page-translation\" id=\"dec-eventfeed-page-translation\" value=\"Page\">\r\n\t\t<input type=\"hidden\" name=\"dec-eventfeed-first-translation\" id=\"dec-eventfeed-first-translation\" value=\"First\">\r\n\t\t<input type=\"hidden\" name=\"dec-eventfeed-last-translation\" id=\"dec-eventfeed-last-translation\" value=\"Last\">\r\n\t\t<input type=\"hidden\" name=\"eventfeed_max_page\" id=\"eventfeed_max_page\" value=\"0\"><input type=\"hidden\" name=\"eventfeed_load_img\" id=\"eventfeed_load_img\" value=\"https:\/\/maxine.fi\/wp-content\/plugins\/divi-event-calendar-module\/includes\/modules\/EventDisplay\/ajax-loader.gif\">\r\n\t\t\t\t\t<\/div>\r\n\t\t\t\t<\/div>\r\n\t\t\t\t<script>\r\n\r\n\t\t\t\t\r\n\t\t\t\tjQuery(document).ready(function($) {\r\n\r\n\r\n\t\t\t\t\t$('.ecs-event-pagination').on(\"click\", \"a\", function () {\r\n\t\t\t\t\t\tevent.preventDefault();\r\n\t\t\t\t\t\t$('#eventfeed_current_pagination_page').val();\r\n\t\t\t\t\t\t$(\"input[name='eventfeed_current_pagination_page']\").val($(this).attr(\"pn\"));\r\n\t\t\t\t\t\tsetTimeout(() => {\r\n\t\t\t\t\t\t\tcheckImagesLoad();\r\n\t\t\t\t\t\t}, 2000); \r\n\t\t\t\t\t});\t    \t\r\n\t\r\n\t\t\t\t\t$('.decm_event_display_0').addClass(\"\");\r\n\t\t\t\t\r\n\t\t\t\r\n\r\n\t\t\tvar setHeightColumns = function(){ \r\n\t\t\t\tvar column_loop_row = 0;\r\n\t\t\t\tvar column_height = 0;\r\n\t\t\t\tvar overlay_height = 0;\r\n\t\t\t\tvar ids = [];\r\n\t\t\t\tvar total_Count = 0;\r\n\t\t\t\tvar total_Events = jQuery('.decm_event_display_0 .ecs-event-posts').length; \r\n\t\t\t\tjQuery('.decm_event_display_0 .ecs-event-posts').each(function(){\r\n\t\t\t\t++column_loop_row;\r\n\t\t\t\t++total_Count;\r\n\t\t\t\tvar Event_id = jQuery(this).children('article')[0].id;\r\n\t\t\t\tids.push(Event_id);\r\n\t\t\t\tcolumn_height = jQuery(this).find('#'+Event_id).children('.row').height() >= column_height ? jQuery(this).find('#'+Event_id).children('.row').height() : column_height;\r\n\t\t\t\toverlay_height =\r\n\t\t\t\tjQuery(this).find('.decm-cover-overlay-details').height() >= overlay_height ? jQuery(this).find('.decm-cover-image-overlay').height() : overlay_height;\r\n\t\t\t\tif(column_loop_row == 3 || total_Count == total_Events)\r\n\t\t\t\t{      \r\n\t\t\t\t\tids.map(function(id,index){\r\n\t\t\t\t\t\tvar tempHeight = parseInt(column_height) - parseInt(jQuery('.decm_event_display_0 #'+id+' .row > div:first-child').height());jQuery('.decm_event_display_0 #'+id+' .row > div > div:last-child').css('height',\"auto\");\r\n\t\t\t\t\t\t\r\n\t\t\t\t\t});  \r\n\t\t\t\t\tcolumn_loop_row = 0;\r\n\t\t\t\t\tcolumn_height = 0;\r\n\t\t\t\t\tids = [];\r\n\t\t\t\t}\r\n\t\t\t\t});\r\n\t\t\t\t\r\n\t\t\t}\r\n\t\tvar checkImagesLoad = function(){\r\n\t\t\r\n\t\t\r\n\t\tPromise.all(\r\n\t\t\tArray.from(jQuery(\".decm_event_display_0 .ecs-event-posts img\")).\r\n\t\t\t\tfilter(img => !img.complete).\r\n\t\t\t\tmap(img => new Promise(resolve => {\r\n\t\t\t\t\t\timg.onload = img.onerror = resolve; \r\n\t\t\t\t\t}))).then(() => {\r\n\t\t\t\t\t\tsetHeightColumns();\r\n\t\t\t\t\t});\r\n\t\t\t\t\t\r\n\t\t\t\t\/*var imgs  = jQuery(\".decm_event_display_0_tb_body .ecs-event-posts img\"),\r\n\t\t\t\tlen = imgs.length,\r\n\t\t\t\tcounter = 0;\r\n\t\t\t\t[].forEach.call( imgs, function( img ) {\r\n\t\t\t\t\tif(img.complete)\r\n\t\t\t\t\t  incrementCounter();\r\n\t\t\t\t\telse\r\n\t\t\t\t\t  img.addEventListener( \"load\", incrementCounter, false );\r\n\t\t\t\t} );\r\n\r\n\t\t\t\tfunction incrementCounter() {\r\n\t\t\t\t\tcounter++;\r\n\t\t\t\t\tif ( counter === len ) {\r\n\t\t\t\t\t\tdebugger;\r\n\t\t\t\t\t\tsetHeightColumns();\r\n\t\t\t\t\t}\r\n\t\t\t\t}*\/\r\n\t\t\t}\r\n\t\t\t\r\n\t\t\tsetTimeout(checkImagesLoad, 2000);\r\n\t\t\tjQuery(window).on('resize',function(){\r\n\t\t\t\tvar screenWidth = jQuery(this).width();\r\n\r\n\r\n\t\t\t\tif(screenWidth > 1199){\r\n\t\t\t\t\t\r\n\t\t\t\t\tif(document.readyState == 'complete')\r\n\t\t\t\t\t checkImagesLoad();\r\n\t\t\t\t}\r\n\t\t\t\telse{\r\n\t\t\t\t\tjQuery('.decm_event_display_0 .ecs-event-posts').each(function(){\r\n\t\t\t\t\t\tvar id = jQuery(this).children('article')[0].id;\r\n\t\t\t\t\t\t\r\n\t\tjQuery('.decm_event_display_0 #'+id+' .row > div:first-child').css('height','100%');\r\n\t\tjQuery('.decm_event_display_0 #'+id+' .row > div:last-child').css('height','100%');\r\n\t\tjQuery('.decm_event_display_0 p.ecs-showdetail').css({\"position\":\"unset\",\"width\":\"auto\" });\r\n\t\t\r\n\t\t\t\t\t\t});\r\n\t\t\t\t}\r\n\r\n\t\t\t});\t\r\n\r\n\t\t});\t\r\n\t\t\t<\/script>\r\n\t\t\t\t\r\n\t\t\t\n\t\t\t\t<\/div>\n\t\t\t<\/div><\/p>\n","protected":false},"author":1,"featured_media":0,"parent":0,"menu_order":0,"comment_status":"closed","ping_status":"closed","template":"","meta":{"_et_pb_use_builder":"on","_et_pb_old_content":"","_et_gb_content_width":"","om_disable_all_campaigns":false,"footnotes":""},"class_list":["post-216","page","type-page","status-publish","hentry"],"yoast_head":"<!-- This site is optimized with the Yoast SEO plugin v24.6 - https:\/\/yoast.com\/wordpress\/plugins\/seo\/ -->\n<title>Events - Maxine<\/title>\n<meta name=\"robots\" content=\"index, follow, max-snippet:-1, max-image-preview:large, max-video-preview:-1\" \/>\n<link rel=\"canonical\" href=\"https:\/\/maxine.fi\/en\/events\/\" \/>\n<meta property=\"og:locale\" content=\"en_US\" \/>\n<meta property=\"og:type\" content=\"article\" \/>\n<meta property=\"og:title\" content=\"Events - Maxine\" \/>\n<meta property=\"og:description\" content=\"Events\" \/>\n<meta property=\"og:url\" content=\"https:\/\/maxine.fi\/en\/events\/\" \/>\n<meta property=\"og:site_name\" content=\"Maxine\" \/>\n<meta property=\"article:modified_time\" content=\"2025-10-31T14:48:42+00:00\" \/>\n<meta name=\"twitter:card\" content=\"summary_large_image\" \/>\n<meta name=\"twitter:label1\" content=\"Est. reading time\" \/>\n\t<meta name=\"twitter:data1\" content=\"4 minutes\" \/>\n<script type=\"application\/ld+json\" class=\"yoast-schema-graph\">{\"@context\":\"https:\/\/schema.org\",\"@graph\":[{\"@type\":\"WebPage\",\"@id\":\"https:\/\/maxine.fi\/en\/events\/\",\"url\":\"https:\/\/maxine.fi\/en\/events\/\",\"name\":\"Events - Maxine\",\"isPartOf\":{\"@id\":\"https:\/\/maxine.fi\/#website\"},\"datePublished\":\"2022-03-18T06:37:12+00:00\",\"dateModified\":\"2025-10-31T14:48:42+00:00\",\"breadcrumb\":{\"@id\":\"https:\/\/maxine.fi\/en\/events\/#breadcrumb\"},\"inLanguage\":\"en-US\",\"potentialAction\":[{\"@type\":\"ReadAction\",\"target\":[\"https:\/\/maxine.fi\/en\/events\/\"]}]},{\"@type\":\"BreadcrumbList\",\"@id\":\"https:\/\/maxine.fi\/en\/events\/#breadcrumb\",\"itemListElement\":[{\"@type\":\"ListItem\",\"position\":1,\"name\":\"Home\",\"item\":\"https:\/\/maxine.fi\/en\/front-page\/\"},{\"@type\":\"ListItem\",\"position\":2,\"name\":\"Events\"}]},{\"@type\":\"WebSite\",\"@id\":\"https:\/\/maxine.fi\/#website\",\"url\":\"https:\/\/maxine.fi\/\",\"name\":\"Maxine\",\"description\":\"Drinkkej\u00e4 sek\u00e4 monipuolista musiikkia kuudennen kerroksen n\u00e4k\u00f6aloissa\",\"publisher\":{\"@id\":\"https:\/\/maxine.fi\/#organization\"},\"potentialAction\":[{\"@type\":\"SearchAction\",\"target\":{\"@type\":\"EntryPoint\",\"urlTemplate\":\"https:\/\/maxine.fi\/?s={search_term_string}\"},\"query-input\":{\"@type\":\"PropertyValueSpecification\",\"valueRequired\":true,\"valueName\":\"search_term_string\"}}],\"inLanguage\":\"en-US\"},{\"@type\":\"Organization\",\"@id\":\"https:\/\/maxine.fi\/#organization\",\"name\":\"Maxine\",\"url\":\"https:\/\/maxine.fi\/\",\"logo\":{\"@type\":\"ImageObject\",\"inLanguage\":\"en-US\",\"@id\":\"https:\/\/maxine.fi\/#\/schema\/logo\/image\/\",\"url\":\"https:\/\/maxine.fi\/wp-content\/uploads\/2024\/10\/SOME-lila-valkoinen.jpg\",\"contentUrl\":\"https:\/\/maxine.fi\/wp-content\/uploads\/2024\/10\/SOME-lila-valkoinen.jpg\",\"width\":1000,\"height\":1000,\"caption\":\"Maxine\"},\"image\":{\"@id\":\"https:\/\/maxine.fi\/#\/schema\/logo\/image\/\"}}]}<\/script>\n<!-- \/ Yoast SEO plugin. -->","yoast_head_json":{"title":"Events - Maxine","robots":{"index":"index","follow":"follow","max-snippet":"max-snippet:-1","max-image-preview":"max-image-preview:large","max-video-preview":"max-video-preview:-1"},"canonical":"https:\/\/maxine.fi\/en\/events\/","og_locale":"en_US","og_type":"article","og_title":"Events - Maxine","og_description":"Events","og_url":"https:\/\/maxine.fi\/en\/events\/","og_site_name":"Maxine","article_modified_time":"2025-10-31T14:48:42+00:00","twitter_card":"summary_large_image","twitter_misc":{"Est. reading time":"4 minutes"},"schema":{"@context":"https:\/\/schema.org","@graph":[{"@type":"WebPage","@id":"https:\/\/maxine.fi\/en\/events\/","url":"https:\/\/maxine.fi\/en\/events\/","name":"Events - Maxine","isPartOf":{"@id":"https:\/\/maxine.fi\/#website"},"datePublished":"2022-03-18T06:37:12+00:00","dateModified":"2025-10-31T14:48:42+00:00","breadcrumb":{"@id":"https:\/\/maxine.fi\/en\/events\/#breadcrumb"},"inLanguage":"en-US","potentialAction":[{"@type":"ReadAction","target":["https:\/\/maxine.fi\/en\/events\/"]}]},{"@type":"BreadcrumbList","@id":"https:\/\/maxine.fi\/en\/events\/#breadcrumb","itemListElement":[{"@type":"ListItem","position":1,"name":"Home","item":"https:\/\/maxine.fi\/en\/front-page\/"},{"@type":"ListItem","position":2,"name":"Events"}]},{"@type":"WebSite","@id":"https:\/\/maxine.fi\/#website","url":"https:\/\/maxine.fi\/","name":"Maxine","description":"Drinkkej\u00e4 sek\u00e4 monipuolista musiikkia kuudennen kerroksen n\u00e4k\u00f6aloissa","publisher":{"@id":"https:\/\/maxine.fi\/#organization"},"potentialAction":[{"@type":"SearchAction","target":{"@type":"EntryPoint","urlTemplate":"https:\/\/maxine.fi\/?s={search_term_string}"},"query-input":{"@type":"PropertyValueSpecification","valueRequired":true,"valueName":"search_term_string"}}],"inLanguage":"en-US"},{"@type":"Organization","@id":"https:\/\/maxine.fi\/#organization","name":"Maxine","url":"https:\/\/maxine.fi\/","logo":{"@type":"ImageObject","inLanguage":"en-US","@id":"https:\/\/maxine.fi\/#\/schema\/logo\/image\/","url":"https:\/\/maxine.fi\/wp-content\/uploads\/2024\/10\/SOME-lila-valkoinen.jpg","contentUrl":"https:\/\/maxine.fi\/wp-content\/uploads\/2024\/10\/SOME-lila-valkoinen.jpg","width":1000,"height":1000,"caption":"Maxine"},"image":{"@id":"https:\/\/maxine.fi\/#\/schema\/logo\/image\/"}}]}},"_links":{"self":[{"href":"https:\/\/maxine.fi\/en\/wp-json\/wp\/v2\/pages\/216","targetHints":{"allow":["GET"]}}],"collection":[{"href":"https:\/\/maxine.fi\/en\/wp-json\/wp\/v2\/pages"}],"about":[{"href":"https:\/\/maxine.fi\/en\/wp-json\/wp\/v2\/types\/page"}],"author":[{"embeddable":true,"href":"https:\/\/maxine.fi\/en\/wp-json\/wp\/v2\/users\/1"}],"replies":[{"embeddable":true,"href":"https:\/\/maxine.fi\/en\/wp-json\/wp\/v2\/comments?post=216"}],"version-history":[{"count":107,"href":"https:\/\/maxine.fi\/en\/wp-json\/wp\/v2\/pages\/216\/revisions"}],"predecessor-version":[{"id":1699,"href":"https:\/\/maxine.fi\/en\/wp-json\/wp\/v2\/pages\/216\/revisions\/1699"}],"wp:attachment":[{"href":"https:\/\/maxine.fi\/en\/wp-json\/wp\/v2\/media?parent=216"}],"curies":[{"name":"wp","href":"https:\/\/api.w.org\/{rel}","templated":true}]}}