{"id":225,"date":"2022-03-18T08:35:56","date_gmt":"2022-03-18T06:35:56","guid":{"rendered":"https:\/\/maxine.fi\/?page_id=225"},"modified":"2025-12-01T12:14:13","modified_gmt":"2025-12-01T10:14:13","slug":"bookings","status":"publish","type":"page","link":"https:\/\/maxine.fi\/en\/bookings\/","title":{"rendered":"Bookings"},"content":{"rendered":"<p>[et_pb_section fb_built=&#8221;1&#8243; fullwidth=&#8221;on&#8221; admin_label=&#8221;Header Section&#8221; _builder_version=&#8221;4.16&#8243; background_color=&#8221;#000000&#8243; custom_padding=&#8221;|||&#8221; global_colors_info=&#8221;{}&#8221;][et_pb_fullwidth_header content_max_width_last_edited=&#8221;off|desktop&#8221; admin_label=&#8221;Contents&#8221; _builder_version=&#8221;4.16.1&#8243; background_image=&#8221;\/wp-content\/uploads\/2022\/03\/maxine-web-1920&#215;1090-14.jpg&#8221; title_font_size_phone=&#8221;48px&#8221; button_one_border_color_hover=&#8221;#c99872&#8243; button_one_border_radius_hover=&#8221;0px&#8221; button_one_letter_spacing_hover=&#8221;3px&#8221; button_one_bg_color_hover=&#8221;#c99872&#8243; global_colors_info=&#8221;{}&#8221; button_one_text_size__hover_enabled=&#8221;off&#8221; button_two_text_size__hover_enabled=&#8221;off&#8221; button_one_text_color__hover_enabled=&#8221;off&#8221; button_two_text_color__hover_enabled=&#8221;off&#8221; button_one_border_width__hover_enabled=&#8221;off&#8221; button_two_border_width__hover_enabled=&#8221;off&#8221; button_two_border_color__hover_enabled=&#8221;off&#8221; button_two_border_radius__hover_enabled=&#8221;off&#8221; button_two_letter_spacing__hover_enabled=&#8221;off&#8221; button_two_bg_color__hover_enabled=&#8221;off&#8221;]<\/p>\n<h1>Bookings<\/h1>\n<p>[\/et_pb_fullwidth_header][\/et_pb_section][et_pb_section fb_built=&#8221;1&#8243; custom_padding_last_edited=&#8221;on|phone&#8221; admin_label=&#8221;Video Title Section&#8221; _builder_version=&#8221;4.16&#8243; background_color=&#8221;#333333&#8243; custom_padding=&#8221;120px|0px|120px|0px|true|&#8221; custom_padding_tablet=&#8221;&#8221; custom_padding_phone=&#8221;70px||70px||true|false&#8221; saved_tabs=&#8221;all&#8221; global_colors_info=&#8221;{}&#8221;][et_pb_row admin_label=&#8221;Video Row&#8221; _builder_version=&#8221;4.16&#8243; custom_padding=&#8221;|||&#8221; global_colors_info=&#8221;{}&#8221;][et_pb_column type=&#8221;4_4&#8243; _builder_version=&#8221;4.16&#8243; custom_padding=&#8221;|||&#8221; global_colors_info=&#8221;{}&#8221; custom_padding__hover=&#8221;|||&#8221;][et_pb_text admin_label=&#8221;texts&#8221; _builder_version=&#8221;4.16&#8243; animation_style=&#8221;fade&#8221; animation_direction=&#8221;bottom&#8221; animation_duration=&#8221;1300ms&#8221; animation_direction_tablet=&#8221;&#8221; animation_direction_phone=&#8221;&#8221; animation_direction_last_edited=&#8221;on|phone&#8221; animation_duration_tablet=&#8221;&#8221; animation_duration_phone=&#8221;&#8221; animation_duration_last_edited=&#8221;on|phone&#8221; global_colors_info=&#8221;{}&#8221;]<\/p>\n<p>Want to spend the night surrounded by your friends? Need a venue for your company or network? Contact us and we will find the right venue for you!<\/p>\n<p>[\/et_pb_text][\/et_pb_column][\/et_pb_row][\/et_pb_section][et_pb_section fb_built=&#8221;1&#8243; disabled_on=&#8221;off|off|off&#8221; admin_label=&#8221;Best Beans&#8221; _builder_version=&#8221;4.16&#8243; background_color=&#8221;#663399&#8243; background_color_gradient_direction=&#8221;90deg&#8221; custom_padding=&#8221;0px|0px|0px|0px&#8221; global_colors_info=&#8221;{}&#8221;][et_pb_row column_structure=&#8221;1_2,1_2&#8243; use_custom_gutter=&#8221;on&#8221; gutter_width=&#8221;1&#8243; make_equal=&#8221;on&#8221; admin_label=&#8221;Best Beans Row&#8221; module_class=&#8221; et_pb_row_fullwidth&#8221; _builder_version=&#8221;4.16.1&#8243; width=&#8221;100%&#8221; width_tablet=&#8221;100%&#8221; width_phone=&#8221;&#8221; width_last_edited=&#8221;on|desktop&#8221; max_width=&#8221;100%&#8221; max_width_tablet=&#8221;100%&#8221; max_width_phone=&#8221;&#8221; max_width_last_edited=&#8221;on|desktop&#8221; custom_margin=&#8221;|||&#8221; custom_padding=&#8221;0px|0px|0px|0px&#8221; make_fullwidth=&#8221;on&#8221; global_colors_info=&#8221;{}&#8221;][et_pb_column type=&#8221;1_2&#8243; _builder_version=&#8221;4.16.1&#8243; background_image=&#8221;https:\/\/maxine.fi\/wp-content\/uploads\/2022\/03\/maxine-web-1920&#215;1090-7.jpg&#8221; parallax=&#8221;on&#8221; custom_padding=&#8221;|||&#8221; global_colors_info=&#8221;{}&#8221; custom_padding__hover=&#8221;|||&#8221;][\/et_pb_column][et_pb_column type=&#8221;1_2&#8243; _builder_version=&#8221;4.16&#8243; background_enable_color=&#8221;off&#8221; custom_padding=&#8221;100px|10%|100px|10%&#8221; global_colors_info=&#8221;{}&#8221; custom_padding__hover=&#8221;|||&#8221;][et_pb_text admin_label=&#8221;Tittle&#8221; _builder_version=&#8221;4.16&#8243; _module_preset=&#8221;b6aee70f-bcfb-4b1b-b0f6-3d178ba69c1e&#8221; animation_style=&#8221;slide&#8221; locked=&#8221;off&#8221; global_colors_info=&#8221;{}&#8221;]<\/p>\n<h2>Table bookings<\/h2>\n<p>[\/et_pb_text][et_pb_text _builder_version=&#8221;4.27.0&#8243; _module_preset=&#8221;b6aee70f-bcfb-4b1b-b0f6-3d178ba69c1e&#8221; hover_enabled=&#8221;0&#8243; global_colors_info=&#8221;{}&#8221; sticky_enabled=&#8221;0&#8243;]<\/p>\n<p>By booking a table, you get into Maxine quickly through the VIP line and we&#8217;ll serve you the products of your choosing directly to your seats.<\/p>\n<p>You can get familiar with <a href=\"http:\/\/maxine.fi\/wp-content\/uploads\/2025\/12\/Bottle-List-2025-updated.pdf\" target=\"_blank\" rel=\"noopener\">the bottle list<\/a> before hand. Inquire for a table for the day of your choosing by email info@maxine.fi.<\/p>\n<p>[\/et_pb_text][et_pb_button button_url=&#8221;mailto:info@maxine.fi&#8221; url_new_window=&#8221;on&#8221; button_text=&#8221;Contact us&#8221; _builder_version=&#8221;4.19.4&#8243; _module_preset=&#8221;default&#8221; global_colors_info=&#8221;{}&#8221;][\/et_pb_button][\/et_pb_column][\/et_pb_row][et_pb_row column_structure=&#8221;1_2,1_2&#8243; use_custom_gutter=&#8221;on&#8221; gutter_width=&#8221;1&#8243; make_equal=&#8221;on&#8221; admin_label=&#8221;Best Beans Row&#8221; module_class=&#8221; et_pb_row_fullwidth&#8221; _builder_version=&#8221;4.16.1&#8243; width=&#8221;100%&#8221; width_tablet=&#8221;100%&#8221; width_phone=&#8221;&#8221; width_last_edited=&#8221;on|desktop&#8221; max_width=&#8221;100%&#8221; max_width_tablet=&#8221;100%&#8221; max_width_phone=&#8221;&#8221; max_width_last_edited=&#8221;on|desktop&#8221; custom_margin=&#8221;|||&#8221; custom_padding=&#8221;0px|0px|0px|0px&#8221; make_fullwidth=&#8221;on&#8221; global_colors_info=&#8221;{}&#8221;][et_pb_column type=&#8221;1_2&#8243; _builder_version=&#8221;4.16&#8243; custom_padding=&#8221;100px|10%|100px|10%&#8221; global_colors_info=&#8221;{}&#8221; custom_padding__hover=&#8221;|||&#8221;][et_pb_text admin_label=&#8221;Tittle&#8221; _builder_version=&#8221;4.16&#8243; _module_preset=&#8221;b6aee70f-bcfb-4b1b-b0f6-3d178ba69c1e&#8221; animation_style=&#8221;slide&#8221; animation_direction=&#8221;left&#8221; locked=&#8221;off&#8221; global_colors_info=&#8221;{}&#8221;]<\/p>\n<h2>Private events<\/h2>\n<p>[\/et_pb_text][et_pb_text _builder_version=&#8221;4.16.1&#8243; _module_preset=&#8221;b6aee70f-bcfb-4b1b-b0f6-3d178ba69c1e&#8221; text_orientation_tablet=&#8221;&#8221; text_orientation_phone=&#8221;&#8221; text_orientation_last_edited=&#8221;on|phone&#8221; global_colors_info=&#8221;{}&#8221;]<\/p>\n<p>Want to organize a birthday party, a graduation or a recreation day? Need a venue for your company or network?<\/p>\n<p>Maxine can be booked outside of the opening hours. Contact info@eventm2.fi and you will find the right venue for you!<\/p>\n<p>[\/et_pb_text][et_pb_button button_url=&#8221;https:\/\/eventm2.fi\/en\/vuokratilat\/maxine-2\/&#8221; url_new_window=&#8221;on&#8221; button_text=&#8221;More info&#8221; _builder_version=&#8221;4.27.0&#8243; _module_preset=&#8221;default&#8221; global_colors_info=&#8221;{}&#8221;][\/et_pb_button][\/et_pb_column][et_pb_column type=&#8221;1_2&#8243; _builder_version=&#8221;4.16.1&#8243; background_image=&#8221;https:\/\/maxine.fi\/wp-content\/uploads\/2022\/03\/maxine-web-1920&#215;1090-1.jpg&#8221; parallax=&#8221;on&#8221; custom_padding=&#8221;|||&#8221; global_colors_info=&#8221;{}&#8221; custom_padding__hover=&#8221;|||&#8221;][\/et_pb_column][\/et_pb_row][\/et_pb_section]<\/p>\n","protected":false},"excerpt":{"rendered":"<p>BookingsWant to spend the night surrounded by your friends? Need a venue for your company or network? Contact us and we will find the right venue for you!Table bookingsBy booking [&hellip;]<\/p>\n","protected":false},"author":1,"featured_media":0,"parent":0,"menu_order":0,"comment_status":"closed","ping_status":"closed","template":"","meta":{"_et_pb_use_builder":"on","_et_pb_old_content":"","_et_gb_content_width":"","om_disable_all_campaigns":false,"footnotes":""},"class_list":["post-225","page","type-page","status-publish","hentry"],"yoast_head":"<!-- This site is optimized with the Yoast SEO plugin v24.6 - https:\/\/yoast.com\/wordpress\/plugins\/seo\/ -->\n<title>Bookings - Maxine<\/title>\n<meta name=\"robots\" content=\"index, follow, max-snippet:-1, max-image-preview:large, max-video-preview:-1\" \/>\n<link rel=\"canonical\" href=\"https:\/\/maxine.fi\/en\/bookings\/\" \/>\n<meta property=\"og:locale\" content=\"en_US\" \/>\n<meta property=\"og:type\" content=\"article\" \/>\n<meta property=\"og:title\" content=\"Bookings - Maxine\" \/>\n<meta property=\"og:description\" content=\"BookingsWant to spend the night surrounded by your friends? Need a venue for your company or network? Contact us and we will find the right venue for you!Table bookingsBy booking [&hellip;]\" \/>\n<meta property=\"og:url\" content=\"https:\/\/maxine.fi\/en\/bookings\/\" \/>\n<meta property=\"og:site_name\" content=\"Maxine\" \/>\n<meta property=\"article:modified_time\" content=\"2025-12-01T10:14:13+00:00\" \/>\n<meta name=\"twitter:card\" content=\"summary_large_image\" \/>\n<meta name=\"twitter:label1\" content=\"Est. reading time\" \/>\n\t<meta name=\"twitter:data1\" content=\"4 minutes\" \/>\n<script type=\"application\/ld+json\" class=\"yoast-schema-graph\">{\"@context\":\"https:\/\/schema.org\",\"@graph\":[{\"@type\":\"WebPage\",\"@id\":\"https:\/\/maxine.fi\/en\/bookings\/\",\"url\":\"https:\/\/maxine.fi\/en\/bookings\/\",\"name\":\"Bookings - Maxine\",\"isPartOf\":{\"@id\":\"https:\/\/maxine.fi\/#website\"},\"datePublished\":\"2022-03-18T06:35:56+00:00\",\"dateModified\":\"2025-12-01T10:14:13+00:00\",\"breadcrumb\":{\"@id\":\"https:\/\/maxine.fi\/en\/bookings\/#breadcrumb\"},\"inLanguage\":\"en-US\",\"potentialAction\":[{\"@type\":\"ReadAction\",\"target\":[\"https:\/\/maxine.fi\/en\/bookings\/\"]}]},{\"@type\":\"BreadcrumbList\",\"@id\":\"https:\/\/maxine.fi\/en\/bookings\/#breadcrumb\",\"itemListElement\":[{\"@type\":\"ListItem\",\"position\":1,\"name\":\"Home\",\"item\":\"https:\/\/maxine.fi\/en\/front-page\/\"},{\"@type\":\"ListItem\",\"position\":2,\"name\":\"Bookings\"}]},{\"@type\":\"WebSite\",\"@id\":\"https:\/\/maxine.fi\/#website\",\"url\":\"https:\/\/maxine.fi\/\",\"name\":\"Maxine\",\"description\":\"Drinkkej\u00e4 sek\u00e4 monipuolista musiikkia kuudennen kerroksen n\u00e4k\u00f6aloissa\",\"publisher\":{\"@id\":\"https:\/\/maxine.fi\/#organization\"},\"potentialAction\":[{\"@type\":\"SearchAction\",\"target\":{\"@type\":\"EntryPoint\",\"urlTemplate\":\"https:\/\/maxine.fi\/?s={search_term_string}\"},\"query-input\":{\"@type\":\"PropertyValueSpecification\",\"valueRequired\":true,\"valueName\":\"search_term_string\"}}],\"inLanguage\":\"en-US\"},{\"@type\":\"Organization\",\"@id\":\"https:\/\/maxine.fi\/#organization\",\"name\":\"Maxine\",\"url\":\"https:\/\/maxine.fi\/\",\"logo\":{\"@type\":\"ImageObject\",\"inLanguage\":\"en-US\",\"@id\":\"https:\/\/maxine.fi\/#\/schema\/logo\/image\/\",\"url\":\"https:\/\/maxine.fi\/wp-content\/uploads\/2024\/10\/SOME-lila-valkoinen.jpg\",\"contentUrl\":\"https:\/\/maxine.fi\/wp-content\/uploads\/2024\/10\/SOME-lila-valkoinen.jpg\",\"width\":1000,\"height\":1000,\"caption\":\"Maxine\"},\"image\":{\"@id\":\"https:\/\/maxine.fi\/#\/schema\/logo\/image\/\"}}]}<\/script>\n<!-- \/ Yoast SEO plugin. -->","yoast_head_json":{"title":"Bookings - Maxine","robots":{"index":"index","follow":"follow","max-snippet":"max-snippet:-1","max-image-preview":"max-image-preview:large","max-video-preview":"max-video-preview:-1"},"canonical":"https:\/\/maxine.fi\/en\/bookings\/","og_locale":"en_US","og_type":"article","og_title":"Bookings - Maxine","og_description":"BookingsWant to spend the night surrounded by your friends? Need a venue for your company or network? Contact us and we will find the right venue for you!Table bookingsBy booking [&hellip;]","og_url":"https:\/\/maxine.fi\/en\/bookings\/","og_site_name":"Maxine","article_modified_time":"2025-12-01T10:14:13+00:00","twitter_card":"summary_large_image","twitter_misc":{"Est. reading time":"4 minutes"},"schema":{"@context":"https:\/\/schema.org","@graph":[{"@type":"WebPage","@id":"https:\/\/maxine.fi\/en\/bookings\/","url":"https:\/\/maxine.fi\/en\/bookings\/","name":"Bookings - Maxine","isPartOf":{"@id":"https:\/\/maxine.fi\/#website"},"datePublished":"2022-03-18T06:35:56+00:00","dateModified":"2025-12-01T10:14:13+00:00","breadcrumb":{"@id":"https:\/\/maxine.fi\/en\/bookings\/#breadcrumb"},"inLanguage":"en-US","potentialAction":[{"@type":"ReadAction","target":["https:\/\/maxine.fi\/en\/bookings\/"]}]},{"@type":"BreadcrumbList","@id":"https:\/\/maxine.fi\/en\/bookings\/#breadcrumb","itemListElement":[{"@type":"ListItem","position":1,"name":"Home","item":"https:\/\/maxine.fi\/en\/front-page\/"},{"@type":"ListItem","position":2,"name":"Bookings"}]},{"@type":"WebSite","@id":"https:\/\/maxine.fi\/#website","url":"https:\/\/maxine.fi\/","name":"Maxine","description":"Drinkkej\u00e4 sek\u00e4 monipuolista musiikkia kuudennen kerroksen n\u00e4k\u00f6aloissa","publisher":{"@id":"https:\/\/maxine.fi\/#organization"},"potentialAction":[{"@type":"SearchAction","target":{"@type":"EntryPoint","urlTemplate":"https:\/\/maxine.fi\/?s={search_term_string}"},"query-input":{"@type":"PropertyValueSpecification","valueRequired":true,"valueName":"search_term_string"}}],"inLanguage":"en-US"},{"@type":"Organization","@id":"https:\/\/maxine.fi\/#organization","name":"Maxine","url":"https:\/\/maxine.fi\/","logo":{"@type":"ImageObject","inLanguage":"en-US","@id":"https:\/\/maxine.fi\/#\/schema\/logo\/image\/","url":"https:\/\/maxine.fi\/wp-content\/uploads\/2024\/10\/SOME-lila-valkoinen.jpg","contentUrl":"https:\/\/maxine.fi\/wp-content\/uploads\/2024\/10\/SOME-lila-valkoinen.jpg","width":1000,"height":1000,"caption":"Maxine"},"image":{"@id":"https:\/\/maxine.fi\/#\/schema\/logo\/image\/"}}]}},"_links":{"self":[{"href":"https:\/\/maxine.fi\/en\/wp-json\/wp\/v2\/pages\/225","targetHints":{"allow":["GET"]}}],"collection":[{"href":"https:\/\/maxine.fi\/en\/wp-json\/wp\/v2\/pages"}],"about":[{"href":"https:\/\/maxine.fi\/en\/wp-json\/wp\/v2\/types\/page"}],"author":[{"embeddable":true,"href":"https:\/\/maxine.fi\/en\/wp-json\/wp\/v2\/users\/1"}],"replies":[{"embeddable":true,"href":"https:\/\/maxine.fi\/en\/wp-json\/wp\/v2\/comments?post=225"}],"version-history":[{"count":22,"href":"https:\/\/maxine.fi\/en\/wp-json\/wp\/v2\/pages\/225\/revisions"}],"predecessor-version":[{"id":1738,"href":"https:\/\/maxine.fi\/en\/wp-json\/wp\/v2\/pages\/225\/revisions\/1738"}],"wp:attachment":[{"href":"https:\/\/maxine.fi\/en\/wp-json\/wp\/v2\/media?parent=225"}],"curies":[{"name":"wp","href":"https:\/\/api.w.org\/{rel}","templated":true}]}}