{"id":231,"date":"2022-03-18T08:38:05","date_gmt":"2022-03-18T06:38:05","guid":{"rendered":"https:\/\/maxine.fi\/?page_id=231"},"modified":"2026-01-05T09:49:56","modified_gmt":"2026-01-05T07:49:56","slug":"contact-us","status":"publish","type":"page","link":"https:\/\/maxine.fi\/en\/contact-us\/","title":{"rendered":"Contact us"},"content":{"rendered":"<p>[et_pb_section fb_built=&#8221;1&#8243; fullwidth=&#8221;on&#8221; admin_label=&#8221;Header Section&#8221; _builder_version=&#8221;4.16&#8243; background_color=&#8221;#000000&#8243; custom_padding=&#8221;|||&#8221; global_colors_info=&#8221;{}&#8221;][et_pb_fullwidth_header content_max_width_last_edited=&#8221;off|desktop&#8221; admin_label=&#8221;Contents&#8221; _builder_version=&#8221;4.16.1&#8243; title_text_color=&#8221;#FFFFFF&#8221; background_image=&#8221;\/wp-content\/uploads\/2022\/03\/maxine-web-1920&#215;1090-30.jpg&#8221; button_one_border_color_hover=&#8221;#c99872&#8243; button_one_border_radius_hover=&#8221;0px&#8221; button_one_letter_spacing_hover=&#8221;3px&#8221; button_one_bg_color_hover=&#8221;#c99872&#8243; global_colors_info=&#8221;{}&#8221; button_one_text_size__hover_enabled=&#8221;off&#8221; button_two_text_size__hover_enabled=&#8221;off&#8221; button_one_text_color__hover_enabled=&#8221;off&#8221; button_two_text_color__hover_enabled=&#8221;off&#8221; button_one_border_width__hover_enabled=&#8221;off&#8221; button_two_border_width__hover_enabled=&#8221;off&#8221; button_two_border_color__hover_enabled=&#8221;off&#8221; button_two_border_radius__hover_enabled=&#8221;off&#8221; button_two_letter_spacing__hover_enabled=&#8221;off&#8221; button_two_bg_color__hover_enabled=&#8221;off&#8221;]<\/p>\n<h1>Contact us<\/h1>\n<p>[\/et_pb_fullwidth_header][\/et_pb_section][et_pb_section fb_built=&#8221;1&#8243; custom_padding_last_edited=&#8221;on|phone&#8221; admin_label=&#8221;Video Title Section&#8221; _builder_version=&#8221;4.16&#8243; background_color=&#8221;#663399&#8243; custom_padding=&#8221;120px|0px|120px|0px|true|&#8221; custom_padding_tablet=&#8221;&#8221; custom_padding_phone=&#8221;70px||70px||true|false&#8221; saved_tabs=&#8221;all&#8221; global_colors_info=&#8221;{}&#8221;][et_pb_row admin_label=&#8221;Video Row&#8221; _builder_version=&#8221;4.16&#8243; custom_padding=&#8221;|||&#8221; global_colors_info=&#8221;{}&#8221;][et_pb_column type=&#8221;4_4&#8243; _builder_version=&#8221;4.16&#8243; custom_padding=&#8221;|||&#8221; global_colors_info=&#8221;{}&#8221; custom_padding__hover=&#8221;|||&#8221;][et_pb_text admin_label=&#8221;texts&#8221; _builder_version=&#8221;4.21.0&#8243; animation_style=&#8221;fade&#8221; animation_direction=&#8221;bottom&#8221; animation_duration=&#8221;1300ms&#8221; animation_direction_tablet=&#8221;&#8221; animation_direction_phone=&#8221;&#8221; animation_direction_last_edited=&#8221;on|phone&#8221; animation_duration_tablet=&#8221;&#8221; animation_duration_phone=&#8221;&#8221; animation_duration_last_edited=&#8221;on|phone&#8221; global_colors_info=&#8221;{}&#8221;]<\/p>\n<p>Maxine is situated in the middle of Helsinki, on the sixth floor of the Kamppi shopping center. You can get in by taking the elevator on the Narinkkatori side. Stay up to date about events and perks at Maxine <a href=\"https:\/\/maxine-uutiskirje.noho.fi\/\" target=\"_blank\" rel=\"noopener\">by subscribing to our newsletter.<\/a><\/p>\n<p>[\/et_pb_text][\/et_pb_column][\/et_pb_row][\/et_pb_section][et_pb_section fb_built=&#8221;1&#8243; fullwidth=&#8221;on&#8221; disabled_on=&#8221;on|on|on&#8221; _builder_version=&#8221;4.16&#8243; _module_preset=&#8221;default&#8221; disabled=&#8221;on&#8221; global_colors_info=&#8221;{}&#8221;][et_pb_fullwidth_slider _builder_version=&#8221;4.16&#8243; _module_preset=&#8221;default&#8221; custom_padding=&#8221;350px|80px|350px|80px|true|true&#8221; global_colors_info=&#8221;{}&#8221;][et_pb_slide _builder_version=&#8221;4.16&#8243; _module_preset=&#8221;default&#8221; background_color=&#8221;#030126&#8243; background_enable_color=&#8221;on&#8221; background_image=&#8221;http:\/\/maxine.fi\/wp-content\/uploads\/2022\/03\/maxine-web-1920&#215;1090-map-1.jpg&#8221; background_enable_image=&#8221;on&#8221; global_colors_info=&#8221;{}&#8221; sticky_transition=&#8221;on&#8221;][\/et_pb_slide][\/et_pb_fullwidth_slider][\/et_pb_section][et_pb_section fb_built=&#8221;1&#8243; fullwidth=&#8221;on&#8221; _builder_version=&#8221;4.16&#8243; _module_preset=&#8221;default&#8221; background_color=&#8221;#663399&#8243; custom_css_main_element=&#8221;line-height: 0;&#8221; global_colors_info=&#8221;{}&#8221;][et_pb_fullwidth_code _builder_version=&#8221;4.16&#8243; _module_preset=&#8221;default&#8221; custom_css_main_element=&#8221;opacity: 0.5;&#8221; global_colors_info=&#8221;{}&#8221; custom_css_main_element__hover_enabled=&#8221;off|hover&#8221; custom_css_main_element__hover=&#8221;opacity: 1;&#8221;]<iframe src=\"https:\/\/www.google.com\/maps\/embed?pb=!1m18!1m12!1m3!1d1984.6781749378658!2d24.931755616215874!3d60.16950645041535!2m3!1f0!2f0!3f0!3m2!1i1024!2i768!4f13.1!3m3!1m2!1s0x46920bce7792b973%3A0x5679008e83638271!2sMaxine!5e0!3m2!1sen!2sfi!4v1648797030642!5m2!1sen!2sfi\" width=\"100%\" height=\"600\" style=\"border:0;\" allowfullscreen=\"\" loading=\"lazy\" referrerpolicy=\"no-referrer-when-downgrade\"><\/iframe>[\/et_pb_fullwidth_code][\/et_pb_section][et_pb_section fb_built=&#8221;1&#8243; disabled_on=&#8221;off|off|off&#8221; admin_label=&#8221;Best Beans&#8221; _builder_version=&#8221;4.16&#8243; background_color=&#8221;#663399&#8243; background_color_gradient_direction=&#8221;90deg&#8221; custom_padding=&#8221;0px|0px|0px|0px&#8221; global_colors_info=&#8221;{}&#8221;][et_pb_row column_structure=&#8221;1_2,1_2&#8243; use_custom_gutter=&#8221;on&#8221; gutter_width=&#8221;1&#8243; make_equal=&#8221;on&#8221; admin_label=&#8221;Best Beans Row&#8221; module_class=&#8221; et_pb_row_fullwidth&#8221; _builder_version=&#8221;4.16.1&#8243; width=&#8221;100%&#8221; width_tablet=&#8221;100%&#8221; width_phone=&#8221;&#8221; width_last_edited=&#8221;on|desktop&#8221; max_width=&#8221;100%&#8221; max_width_tablet=&#8221;100%&#8221; max_width_phone=&#8221;&#8221; max_width_last_edited=&#8221;on|desktop&#8221; custom_margin=&#8221;|||&#8221; custom_padding=&#8221;0px|0px|0px|0px&#8221; make_fullwidth=&#8221;on&#8221; global_colors_info=&#8221;{}&#8221;][et_pb_column type=&#8221;1_2&#8243; _builder_version=&#8221;4.16&#8243; custom_padding=&#8221;100px|10%|100px|10%&#8221; global_colors_info=&#8221;{}&#8221; custom_padding__hover=&#8221;|||&#8221;][et_pb_text admin_label=&#8221;Tittle&#8221; _builder_version=&#8221;4.16&#8243; _module_preset=&#8221;b6aee70f-bcfb-4b1b-b0f6-3d178ba69c1e&#8221; animation_style=&#8221;slide&#8221; animation_direction=&#8221;left&#8221; locked=&#8221;off&#8221; global_colors_info=&#8221;{}&#8221;]<\/p>\n<h2>Lost &amp; Found<\/h2>\n<p>[\/et_pb_text][et_pb_text _builder_version=&#8221;4.16&#8243; _module_preset=&#8221;b6aee70f-bcfb-4b1b-b0f6-3d178ba69c1e&#8221; text_orientation_tablet=&#8221;&#8221; text_orientation_phone=&#8221;&#8221; text_orientation_last_edited=&#8221;on|phone&#8221; global_colors_info=&#8221;{}&#8221;]<\/p>\n<p>We take all found items to Suomen L\u00f6yt\u00f6tavarapiste on Mondays.<\/p>\n<p>More information and prices for the lost and found can be found below.<\/p>\n<p>[\/et_pb_text][et_pb_button button_url=&#8221;https:\/\/www.metrosuutarit.fi\/suomen-loytotavarapiste-h-t-p-palvelut\/&#8221; url_new_window=&#8221;on&#8221; button_text=&#8221;Go to website&#8221; _builder_version=&#8221;4.16.1&#8243; _module_preset=&#8221;default&#8221; global_colors_info=&#8221;{}&#8221;][\/et_pb_button][\/et_pb_column][et_pb_column type=&#8221;1_2&#8243; _builder_version=&#8221;4.16.1&#8243; background_image=&#8221;https:\/\/maxine.fi\/wp-content\/uploads\/2022\/03\/maxine-web-1920&#215;1090-28.jpg&#8221; parallax=&#8221;on&#8221; custom_padding=&#8221;|||&#8221; global_colors_info=&#8221;{}&#8221; custom_padding__hover=&#8221;|||&#8221;][\/et_pb_column][\/et_pb_row][et_pb_row column_structure=&#8221;1_2,1_2&#8243; use_custom_gutter=&#8221;on&#8221; gutter_width=&#8221;1&#8243; make_equal=&#8221;on&#8221; admin_label=&#8221;Best Beans Row&#8221; module_class=&#8221; et_pb_row_fullwidth&#8221; _builder_version=&#8221;4.16.1&#8243; width=&#8221;100%&#8221; width_tablet=&#8221;100%&#8221; width_phone=&#8221;&#8221; width_last_edited=&#8221;on|desktop&#8221; max_width=&#8221;100%&#8221; max_width_tablet=&#8221;100%&#8221; max_width_phone=&#8221;&#8221; max_width_last_edited=&#8221;on|desktop&#8221; custom_margin=&#8221;|||&#8221; custom_padding=&#8221;0px|0px|0px|0px&#8221; make_fullwidth=&#8221;on&#8221; global_colors_info=&#8221;{}&#8221;][et_pb_column type=&#8221;1_2&#8243; _builder_version=&#8221;4.16.1&#8243; background_image=&#8221;https:\/\/maxine.fi\/wp-content\/uploads\/2022\/03\/maxine-web-1920&#215;1090-22.jpg&#8221; parallax=&#8221;on&#8221; custom_padding=&#8221;|||&#8221; global_colors_info=&#8221;{}&#8221; custom_padding__hover=&#8221;|||&#8221;][\/et_pb_column][et_pb_column type=&#8221;1_2&#8243; _builder_version=&#8221;4.16&#8243; background_enable_color=&#8221;off&#8221; custom_padding=&#8221;100px|10%|100px|10%&#8221; global_colors_info=&#8221;{}&#8221; custom_padding__hover=&#8221;|||&#8221;][et_pb_text admin_label=&#8221;Tittle&#8221; _builder_version=&#8221;4.16&#8243; _module_preset=&#8221;b6aee70f-bcfb-4b1b-b0f6-3d178ba69c1e&#8221; max_width_last_edited=&#8221;off|desktop&#8221; animation_style=&#8221;slide&#8221; locked=&#8221;off&#8221; global_colors_info=&#8221;{}&#8221;]<\/p>\n<h2>contact<\/h2>\n<p>[\/et_pb_text][et_pb_text _builder_version=&#8221;4.20.4&#8243; _module_preset=&#8221;b6aee70f-bcfb-4b1b-b0f6-3d178ba69c1e&#8221; global_colors_info=&#8221;{}&#8221;]<\/p>\n<h4><\/h4>\n<h4>Email<\/h4>\n<p>info@maxine.fi<\/p>\n<h4>Address<\/h4>\n<p>Urho Kekkonen Street 1, 6th floor<br \/>00100 HELSINKI<\/p>\n<p>&nbsp;<\/p>\n<p>[\/et_pb_text][\/et_pb_column][\/et_pb_row][\/et_pb_section][et_pb_section fb_built=&#8221;1&#8243; admin_label=&#8221;Footer&#8221; _builder_version=&#8221;4.16&#8243; background_color=&#8221;#333333&#8243; background_color_gradient_direction=&#8221;90deg&#8221; background_enable_image=&#8221;off&#8221; background_position=&#8221;bottom_left&#8221; custom_padding=&#8221;0px|0px|0px|0px&#8221; saved_tabs=&#8221;all&#8221; locked=&#8221;off&#8221; global_colors_info=&#8221;{}&#8221;][et_pb_row column_structure=&#8221;1_2,1_2&#8243; use_custom_gutter=&#8221;on&#8221; gutter_width=&#8221;1&#8243; make_equal=&#8221;on&#8221; admin_label=&#8221;Footer Row&#8221; module_class=&#8221; et_pb_row_fullwidth&#8221; _builder_version=&#8221;4.16&#8243; background_enable_color=&#8221;off&#8221; width=&#8221;100%&#8221; width_tablet=&#8221;100%&#8221; width_phone=&#8221;&#8221; width_last_edited=&#8221;on|desktop&#8221; max_width=&#8221;100%&#8221; max_width_tablet=&#8221;100%&#8221; max_width_phone=&#8221;&#8221; max_width_last_edited=&#8221;on|desktop&#8221; custom_margin=&#8221;|||&#8221; custom_padding=&#8221;0px|0px|0px|0px&#8221; animation_style=&#8221;fade&#8221; make_fullwidth=&#8221;on&#8221; global_colors_info=&#8221;{}&#8221;][et_pb_column type=&#8221;1_2&#8243; _builder_version=&#8221;4.16&#8243; background_color=&#8221;RGBA(0,0,0,0)&#8221; background_image=&#8221;\/wp-content\/uploads\/2022\/02\/BK_211006_web_HJ_5219-kopio.jpg&#8221; parallax=&#8221;on&#8221; custom_padding=&#8221;100px|10%|100px|10%&#8221; custom_padding_tablet=&#8221;&#8221; custom_padding_phone=&#8221;50px||50px||true|false&#8221; custom_padding_last_edited=&#8221;on|phone&#8221; global_colors_info=&#8221;{}&#8221; padding_last_edited=&#8221;on|phone&#8221; custom_padding__hover=&#8221;|||&#8221;][et_pb_text admin_label=&#8221;Tittle&#8221; _builder_version=&#8221;4.16&#8243; _module_preset=&#8221;8f6a6344-dcab-4977-9511-9afe8413d09b&#8221; custom_margin=&#8221;|-425px||||&#8221; locked=&#8221;off&#8221; global_colors_info=&#8221;{}&#8221;]<\/p>\n<h2>See you at Maxine<\/h2>\n<p>[\/et_pb_text][et_pb_text admin_label=&#8221;Texts&#8221; _builder_version=&#8221;4.27.0&#8243; _module_preset=&#8221;b6aee70f-bcfb-4b1b-b0f6-3d178ba69c1e&#8221; animation_duration=&#8221;300ms&#8221; animation_delay=&#8221;100ms&#8221; text_font_size_tablet=&#8221;&#8221; text_font_size_phone=&#8221;&#8221; text_font_size_last_edited=&#8221;on|desktop&#8221; text_orientation_phone=&#8221;center&#8221; text_orientation_last_edited=&#8221;off|desktop&#8221; locked=&#8221;off&#8221; global_colors_info=&#8221;{}&#8221;]<\/p>\n<h4><\/h4>\n<h4>Opening hours<\/h4>\n<p>FRI-SAT 22:00-04:30<br \/>Ours hours <span>may vary<\/span><\/p>\n<h4>Age restriction<\/h4>\n<p>FRI &amp; SAT: K20<\/p>\n<h4>DRESS CODE<\/h4>\n<p>On Fridays and Saturdays there is a dress code. Please do not arrive in sweatpants, for example. <\/p>\n<p>&nbsp;<\/p>\n<p>[\/et_pb_text][\/et_pb_column][et_pb_column type=&#8221;1_2&#8243; _builder_version=&#8221;4.16&#8243; background_enable_color=&#8221;off&#8221; custom_padding=&#8221;100px|10%|100px|10%|true|false&#8221; global_colors_info=&#8221;{}&#8221; custom_padding__hover=&#8221;|||&#8221;][et_pb_text admin_label=&#8221;Texts&#8221; _builder_version=&#8221;4.16&#8243; _module_preset=&#8221;b6aee70f-bcfb-4b1b-b0f6-3d178ba69c1e&#8221; text_font_size_tablet=&#8221;&#8221; text_font_size_phone=&#8221;&#8221; text_font_size_last_edited=&#8221;on|desktop&#8221; text_orientation_phone=&#8221;center&#8221; text_orientation_last_edited=&#8221;off|desktop&#8221; locked=&#8221;off&#8221; global_colors_info=&#8221;{}&#8221;]<\/p>\n<h4><\/h4>\n<h4><\/h4>\n<h4><\/h4>\n<h4><\/h4>\n<h4><\/h4>\n<h4><\/h4>\n<h4><\/h4>\n<h4><\/h4>\n<h4><\/h4>\n<h4><\/h4>\n<h4><\/h4>\n<h4>values<\/h4>\n<p><span>Zero tolerance for sexual harassment, racism, homophobia, transphobia, ableism, violence and all forms of discriminatory behaviour.<\/span><\/p>\n<p><span>If you experience any kind of harassment, please contact our staff at the low threshold.<\/span><\/p>\n<p>&nbsp;<\/p>\n<h4><\/h4>\n<p>[\/et_pb_text][\/et_pb_column][\/et_pb_row][et_pb_row column_structure=&#8221;1_2,1_2&#8243; use_custom_gutter=&#8221;on&#8221; gutter_width=&#8221;1&#8243; make_equal=&#8221;on&#8221; admin_label=&#8221;Footer Row&#8221; module_class=&#8221; et_pb_row_fullwidth&#8221; _builder_version=&#8221;4.20.2&#8243; background_enable_color=&#8221;off&#8221; width=&#8221;100%&#8221; width_tablet=&#8221;100%&#8221; width_phone=&#8221;&#8221; width_last_edited=&#8221;on|desktop&#8221; max_width=&#8221;100%&#8221; max_width_tablet=&#8221;100%&#8221; max_width_phone=&#8221;&#8221; max_width_last_edited=&#8221;on|desktop&#8221; custom_margin=&#8221;|||&#8221; custom_padding=&#8221;0px|0px|0px|0px&#8221; animation_style=&#8221;fade&#8221; make_fullwidth=&#8221;on&#8221; global_colors_info=&#8221;{}&#8221;][et_pb_column type=&#8221;1_2&#8243; _builder_version=&#8221;4.20.2&#8243; background_color=&#8221;#000000&#8243; background_image=&#8221;\/wp-content\/uploads\/2022\/02\/BK_211006_web_HJ_5219-kopio.jpg&#8221; parallax=&#8221;on&#8221; custom_padding=&#8221;100px|10%|100px|10%&#8221; custom_padding_tablet=&#8221;&#8221; custom_padding_phone=&#8221;50px||50px||true|false&#8221; custom_padding_last_edited=&#8221;on|phone&#8221; global_colors_info=&#8221;{}&#8221; padding_last_edited=&#8221;on|phone&#8221; custom_padding__hover=&#8221;|||&#8221;][et_pb_text admin_label=&#8221;Tittle&#8221; _builder_version=&#8221;4.16&#8243; _module_preset=&#8221;8f6a6344-dcab-4977-9511-9afe8413d09b&#8221; width=&#8221;99.8%&#8221; custom_margin=&#8221;|-562px||||&#8221; custom_padding=&#8221;|0px|10px||false|false&#8221; locked=&#8221;off&#8221; global_colors_info=&#8221;{}&#8221;]<\/p>\n<h2>billing information<\/h2>\n<p>[\/et_pb_text][et_pb_text admin_label=&#8221;Texts&#8221; _builder_version=&#8221;4.20.2&#8243; _module_preset=&#8221;b6aee70f-bcfb-4b1b-b0f6-3d178ba69c1e&#8221; animation_duration=&#8221;300ms&#8221; animation_delay=&#8221;100ms&#8221; text_font_size_tablet=&#8221;&#8221; text_font_size_phone=&#8221;&#8221; text_font_size_last_edited=&#8221;on|desktop&#8221; text_orientation_phone=&#8221;center&#8221; text_orientation_last_edited=&#8221;off|desktop&#8221; locked=&#8221;off&#8221; global_colors_info=&#8221;{}&#8221;]<\/p>\n<h4><\/h4>\n<h4>from 1.4.2023<\/h4>\n<p>We use electronic purchase invoice processing in companies belonging to the NoHo Partners group.<br \/>We therefore ask you to send your invoices as e-invoices.<\/p>\n<p>The official address of all companies belonging to the Noho Group is: Hatanp\u00e4\u00e4n valtatie 1 B, 33100 Tampere.<\/p>\n<p>Invoice labels:<br \/>-The invoice must be addressed to the official name of the company.<br \/>-The name and number of the cost centre must be indicated on the invoice in the BuyerOrganisationName or DeliveryOrganisationName field.<br \/>-The name of the ordering party must be clearly indicated on the invoice.<\/p>\n<p>[\/et_pb_text][\/et_pb_column][et_pb_column type=&#8221;1_2&#8243; _builder_version=&#8221;4.20.2&#8243; background_color=&#8221;#000000&#8243; custom_padding=&#8221;100px|10%|100px|10%|true|false&#8221; global_colors_info=&#8221;{}&#8221; custom_padding__hover=&#8221;|||&#8221;][et_pb_text admin_label=&#8221;Texts&#8221; _builder_version=&#8221;4.16&#8243; _module_preset=&#8221;b6aee70f-bcfb-4b1b-b0f6-3d178ba69c1e&#8221; text_font_size_tablet=&#8221;&#8221; text_font_size_phone=&#8221;&#8221; text_font_size_last_edited=&#8221;on|desktop&#8221; text_orientation_phone=&#8221;center&#8221; text_orientation_last_edited=&#8221;off|desktop&#8221; locked=&#8221;off&#8221; global_colors_info=&#8221;{}&#8221;]<\/p>\n<h4><\/h4>\n<h4><\/h4>\n<h4><\/h4>\n<h4><\/h4>\n<h4><\/h4>\n<h4><\/h4>\n<h4><\/h4>\n<h4><\/h4>\n<h4><\/h4>\n<h4><\/h4>\n<h4><\/h4>\n<p>&nbsp;<\/p>\n<p>Stadin Night Oy (3210358-1)<\/p>\n<p>Publisher name and number:<br \/>2242 Maxine<\/p>\n<p>OVT ID: 003732103581<br \/>The e-invoicing operator is Opus Capita Solutions Oy<br \/>Broker ID: E204503<\/p>\n<h4><\/h4>\n<p>[\/et_pb_text][\/et_pb_column][\/et_pb_row][\/et_pb_section]<\/p>\n","protected":false},"excerpt":{"rendered":"<p>Contact usMaxine is situated in the middle of Helsinki, on the sixth floor of the Kamppi shopping center. You can get in by taking the elevator on the Narinkkatori side. [&hellip;]<\/p>\n","protected":false},"author":1,"featured_media":0,"parent":0,"menu_order":0,"comment_status":"closed","ping_status":"closed","template":"","meta":{"_et_pb_use_builder":"on","_et_pb_old_content":"","_et_gb_content_width":"","om_disable_all_campaigns":false,"footnotes":""},"class_list":["post-231","page","type-page","status-publish","hentry"],"yoast_head":"<!-- This site is optimized with the Yoast SEO plugin v24.6 - https:\/\/yoast.com\/wordpress\/plugins\/seo\/ -->\n<title>Contact us - Maxine<\/title>\n<meta name=\"robots\" content=\"index, follow, max-snippet:-1, max-image-preview:large, max-video-preview:-1\" \/>\n<link rel=\"canonical\" href=\"https:\/\/maxine.fi\/en\/contact-us\/\" \/>\n<meta property=\"og:locale\" content=\"en_US\" \/>\n<meta property=\"og:type\" content=\"article\" \/>\n<meta property=\"og:title\" content=\"Contact us - Maxine\" \/>\n<meta property=\"og:description\" content=\"Contact usMaxine is situated in the middle of Helsinki, on the sixth floor of the Kamppi shopping center. You can get in by taking the elevator on the Narinkkatori side. [&hellip;]\" \/>\n<meta property=\"og:url\" content=\"https:\/\/maxine.fi\/en\/contact-us\/\" \/>\n<meta property=\"og:site_name\" content=\"Maxine\" \/>\n<meta property=\"article:modified_time\" content=\"2026-01-05T07:49:56+00:00\" \/>\n<meta name=\"twitter:card\" content=\"summary_large_image\" \/>\n<meta name=\"twitter:label1\" content=\"Est. reading time\" \/>\n\t<meta name=\"twitter:data1\" content=\"9 minutes\" \/>\n<script type=\"application\/ld+json\" class=\"yoast-schema-graph\">{\"@context\":\"https:\/\/schema.org\",\"@graph\":[{\"@type\":\"WebPage\",\"@id\":\"https:\/\/maxine.fi\/en\/contact-us\/\",\"url\":\"https:\/\/maxine.fi\/en\/contact-us\/\",\"name\":\"Contact us - Maxine\",\"isPartOf\":{\"@id\":\"https:\/\/maxine.fi\/#website\"},\"datePublished\":\"2022-03-18T06:38:05+00:00\",\"dateModified\":\"2026-01-05T07:49:56+00:00\",\"breadcrumb\":{\"@id\":\"https:\/\/maxine.fi\/en\/contact-us\/#breadcrumb\"},\"inLanguage\":\"en-US\",\"potentialAction\":[{\"@type\":\"ReadAction\",\"target\":[\"https:\/\/maxine.fi\/en\/contact-us\/\"]}]},{\"@type\":\"BreadcrumbList\",\"@id\":\"https:\/\/maxine.fi\/en\/contact-us\/#breadcrumb\",\"itemListElement\":[{\"@type\":\"ListItem\",\"position\":1,\"name\":\"Home\",\"item\":\"https:\/\/maxine.fi\/en\/front-page\/\"},{\"@type\":\"ListItem\",\"position\":2,\"name\":\"Contact us\"}]},{\"@type\":\"WebSite\",\"@id\":\"https:\/\/maxine.fi\/#website\",\"url\":\"https:\/\/maxine.fi\/\",\"name\":\"Maxine\",\"description\":\"Drinkkej\u00e4 sek\u00e4 monipuolista musiikkia kuudennen kerroksen n\u00e4k\u00f6aloissa\",\"publisher\":{\"@id\":\"https:\/\/maxine.fi\/#organization\"},\"potentialAction\":[{\"@type\":\"SearchAction\",\"target\":{\"@type\":\"EntryPoint\",\"urlTemplate\":\"https:\/\/maxine.fi\/?s={search_term_string}\"},\"query-input\":{\"@type\":\"PropertyValueSpecification\",\"valueRequired\":true,\"valueName\":\"search_term_string\"}}],\"inLanguage\":\"en-US\"},{\"@type\":\"Organization\",\"@id\":\"https:\/\/maxine.fi\/#organization\",\"name\":\"Maxine\",\"url\":\"https:\/\/maxine.fi\/\",\"logo\":{\"@type\":\"ImageObject\",\"inLanguage\":\"en-US\",\"@id\":\"https:\/\/maxine.fi\/#\/schema\/logo\/image\/\",\"url\":\"https:\/\/maxine.fi\/wp-content\/uploads\/2024\/10\/SOME-lila-valkoinen.jpg\",\"contentUrl\":\"https:\/\/maxine.fi\/wp-content\/uploads\/2024\/10\/SOME-lila-valkoinen.jpg\",\"width\":1000,\"height\":1000,\"caption\":\"Maxine\"},\"image\":{\"@id\":\"https:\/\/maxine.fi\/#\/schema\/logo\/image\/\"}}]}<\/script>\n<!-- \/ Yoast SEO plugin. -->","yoast_head_json":{"title":"Contact us - Maxine","robots":{"index":"index","follow":"follow","max-snippet":"max-snippet:-1","max-image-preview":"max-image-preview:large","max-video-preview":"max-video-preview:-1"},"canonical":"https:\/\/maxine.fi\/en\/contact-us\/","og_locale":"en_US","og_type":"article","og_title":"Contact us - Maxine","og_description":"Contact usMaxine is situated in the middle of Helsinki, on the sixth floor of the Kamppi shopping center. You can get in by taking the elevator on the Narinkkatori side. [&hellip;]","og_url":"https:\/\/maxine.fi\/en\/contact-us\/","og_site_name":"Maxine","article_modified_time":"2026-01-05T07:49:56+00:00","twitter_card":"summary_large_image","twitter_misc":{"Est. reading time":"9 minutes"},"schema":{"@context":"https:\/\/schema.org","@graph":[{"@type":"WebPage","@id":"https:\/\/maxine.fi\/en\/contact-us\/","url":"https:\/\/maxine.fi\/en\/contact-us\/","name":"Contact us - Maxine","isPartOf":{"@id":"https:\/\/maxine.fi\/#website"},"datePublished":"2022-03-18T06:38:05+00:00","dateModified":"2026-01-05T07:49:56+00:00","breadcrumb":{"@id":"https:\/\/maxine.fi\/en\/contact-us\/#breadcrumb"},"inLanguage":"en-US","potentialAction":[{"@type":"ReadAction","target":["https:\/\/maxine.fi\/en\/contact-us\/"]}]},{"@type":"BreadcrumbList","@id":"https:\/\/maxine.fi\/en\/contact-us\/#breadcrumb","itemListElement":[{"@type":"ListItem","position":1,"name":"Home","item":"https:\/\/maxine.fi\/en\/front-page\/"},{"@type":"ListItem","position":2,"name":"Contact us"}]},{"@type":"WebSite","@id":"https:\/\/maxine.fi\/#website","url":"https:\/\/maxine.fi\/","name":"Maxine","description":"Drinkkej\u00e4 sek\u00e4 monipuolista musiikkia kuudennen kerroksen n\u00e4k\u00f6aloissa","publisher":{"@id":"https:\/\/maxine.fi\/#organization"},"potentialAction":[{"@type":"SearchAction","target":{"@type":"EntryPoint","urlTemplate":"https:\/\/maxine.fi\/?s={search_term_string}"},"query-input":{"@type":"PropertyValueSpecification","valueRequired":true,"valueName":"search_term_string"}}],"inLanguage":"en-US"},{"@type":"Organization","@id":"https:\/\/maxine.fi\/#organization","name":"Maxine","url":"https:\/\/maxine.fi\/","logo":{"@type":"ImageObject","inLanguage":"en-US","@id":"https:\/\/maxine.fi\/#\/schema\/logo\/image\/","url":"https:\/\/maxine.fi\/wp-content\/uploads\/2024\/10\/SOME-lila-valkoinen.jpg","contentUrl":"https:\/\/maxine.fi\/wp-content\/uploads\/2024\/10\/SOME-lila-valkoinen.jpg","width":1000,"height":1000,"caption":"Maxine"},"image":{"@id":"https:\/\/maxine.fi\/#\/schema\/logo\/image\/"}}]}},"_links":{"self":[{"href":"https:\/\/maxine.fi\/en\/wp-json\/wp\/v2\/pages\/231","targetHints":{"allow":["GET"]}}],"collection":[{"href":"https:\/\/maxine.fi\/en\/wp-json\/wp\/v2\/pages"}],"about":[{"href":"https:\/\/maxine.fi\/en\/wp-json\/wp\/v2\/types\/page"}],"author":[{"embeddable":true,"href":"https:\/\/maxine.fi\/en\/wp-json\/wp\/v2\/users\/1"}],"replies":[{"embeddable":true,"href":"https:\/\/maxine.fi\/en\/wp-json\/wp\/v2\/comments?post=231"}],"version-history":[{"count":61,"href":"https:\/\/maxine.fi\/en\/wp-json\/wp\/v2\/pages\/231\/revisions"}],"predecessor-version":[{"id":1781,"href":"https:\/\/maxine.fi\/en\/wp-json\/wp\/v2\/pages\/231\/revisions\/1781"}],"wp:attachment":[{"href":"https:\/\/maxine.fi\/en\/wp-json\/wp\/v2\/media?parent=231"}],"curies":[{"name":"wp","href":"https:\/\/api.w.org\/{rel}","templated":true}]}}